{"id":15639,"date":"2026-02-04T15:11:01","date_gmt":"2026-02-04T15:11:01","guid":{"rendered":"https:\/\/sgl-europa.com\/?page_id=15639"},"modified":"2026-02-04T15:19:17","modified_gmt":"2026-02-04T15:19:17","slug":"servicio-de-envio","status":"publish","type":"page","link":"https:\/\/sgl-europa.com\/en\/servicio-de-envio","title":{"rendered":"Servicio de env\u00edo"},"content":{"rendered":"<div class=\"wpb-content-wrapper\"><div      class=\"vc_row wpb_row section vc_row-fluid  grid_section\" style=' text-align:left;'><div class=\"section_inner clearfix\"><div class='section_inner_margin clearfix'><div class=\"wpb_column vc_column_container vc_col-sm-12\"><div class=\"vc_column-inner\"><div class=\"wpb_wrapper\">\n\t<div class=\"wpb_text_column wpb_content_element\">\n\t\t<div class=\"wpb_wrapper\">\n\t\t\t<h1 style=\"text-align: center;\"><strong>Servicio de entrega directa en menos de 24 horas.<\/strong><\/h1>\n<p style=\"text-align: center;\"><strong>Espa\u00f1a (Solo pen\u00ednsula)\u00a0 &#8211; Portugal &#8211; Francia &#8211; Alemania<\/strong><\/p>\n\n\t\t<\/div> \n\t<\/div> <div      class=\"vc_row wpb_row section vc_row-fluid vc_inner\" style=' text-align:left;'><div class=\"full_section_inner clearfix\"><div class=\"wpb_column vc_column_container vc_col-sm-12\"><div class=\"vc_column-inner\"><div class=\"wpb_wrapper\">\n\t<div class=\"wpb_single_image wpb_content_element vc_align_left\">\n\t\t<div class=\"wpb_wrapper\">\n\t\t\t\n\t\t\t<div class=\"vc_single_image-wrapper   vc_box_border_grey\"><img fetchpriority=\"high\" decoding=\"async\" width=\"1650\" height=\"856\" src=\"https:\/\/sgl-europa.com\/wp-content\/uploads\/2026\/02\/furgon-sgl.png\" class=\"vc_single_image-img attachment-full\" alt=\"\" title=\"furgon-sgl\" srcset=\"https:\/\/sgl-europa.com\/wp-content\/uploads\/2026\/02\/furgon-sgl.png 1650w, https:\/\/sgl-europa.com\/wp-content\/uploads\/2026\/02\/furgon-sgl-300x156.png 300w, https:\/\/sgl-europa.com\/wp-content\/uploads\/2026\/02\/furgon-sgl-1024x531.png 1024w, https:\/\/sgl-europa.com\/wp-content\/uploads\/2026\/02\/furgon-sgl-768x398.png 768w, https:\/\/sgl-europa.com\/wp-content\/uploads\/2026\/02\/furgon-sgl-1536x797.png 1536w, https:\/\/sgl-europa.com\/wp-content\/uploads\/2026\/02\/furgon-sgl-18x9.png 18w, https:\/\/sgl-europa.com\/wp-content\/uploads\/2026\/02\/furgon-sgl-700x363.png 700w\" sizes=\"(max-width: 1650px) 100vw, 1650px\" \/><\/div>\n\t\t<\/div>\n\t<\/div>\n<\/div><\/div><\/div><\/div><\/div><div      class=\"vc_row wpb_row section vc_row-fluid vc_inner  vc_custom_1770218074132\" style=' text-align:left;'><div class=\"full_section_inner clearfix\"><div class=\"wpb_column vc_column_container vc_col-sm-12\"><div class=\"vc_column-inner\"><div class=\"wpb_wrapper\">\n\t<div class=\"wpb_text_column wpb_content_element\">\n\t\t<div class=\"wpb_wrapper\">\n\t\t\t<div class=\"page\" title=\"Page 3\">\n<div class=\"layoutArea\">\n<div class=\"column\">\n<p>Somos conscientes de los dolores de cabeza que nos puede dar el servicio de paqueteri\u0301a, sobre todo cuando se trata de entregas especiales en centros feriales, congresos entre otros.<\/p>\n<p>&nbsp;<\/p>\n<p>Es por eso que contamos con una flota propia de furgones y camiones que esta\u0301n disponibles para llevar sus pedidos directamente a cualquier sitio de la Pen\u00ednsula de Espan\u0303a, Portugal, Francia y Alemania.<\/p>\n<p>&nbsp;<\/p>\n<div class=\"page\" title=\"Page 3\">\n<div class=\"layoutArea\">\n<div class=\"column\">\n<ul>\n<li>Servicio a medida de sus necesidades.<\/li>\n<li>Le damos una URL de seguimiento de su cami\u00f3n para que lo localice en todo momento.<\/li>\n<li>Comunicacio\u0301n directa con el chofer para mantenerlo informado sobre todos los detalles de la entrega.<\/li>\n<li>Garant\u00eda 100% de que su env\u00edo llega a tiempo y en optimas condiciones.<\/li>\n<\/ul>\n<\/div>\n<\/div>\n<\/div>\n<\/div>\n<\/div>\n<\/div>\n\n\t\t<\/div> \n\t<\/div> <\/div><\/div><\/div><\/div><\/div><div      class=\"vc_row wpb_row section vc_row-fluid vc_inner  vc_custom_1770218192207\" style='background-color:#1e73be; text-align:left;'><div class=\"full_section_inner clearfix\"><div class=\"wpb_column vc_column_container vc_col-sm-12\"><div class=\"vc_column-inner\"><div class=\"wpb_wrapper\">\n\t<div class=\"wpb_text_column wpb_content_element\">\n\t\t<div class=\"wpb_wrapper\">\n\t\t\t<h2 style=\"text-align: left;\"><span style=\"color: #ffffff;\">Cont\u00e1ctanos y con gusto te daremos una soluci\u00f3n y presupuesto a medida.<\/span><\/h2>\n\n\t\t<\/div> \n\t<\/div> <\/div><\/div><\/div><\/div><\/div><\/div><\/div><\/div><\/div><\/div><\/div>\n<\/div>","protected":false},"excerpt":{"rendered":"Servicio de entrega directa en menos de 24 horas. Espa\u00f1a (Solo pen\u00ednsula)\u00a0 - Portugal - Francia - Alemania Somos conscientes de los dolores de cabeza que nos puede dar el servicio de paqueteri\u0301a, sobre todo cuando se trata de entregas especiales en centros feriales, congresos...","protected":false},"author":1,"featured_media":0,"parent":0,"menu_order":0,"comment_status":"closed","ping_status":"closed","template":"","meta":{"content-type":"","footnotes":""},"class_list":["post-15639","page","type-page","status-publish","hentry"],"yoast_head":"<!-- This site is optimized with the Yoast SEO plugin v26.9 - https:\/\/yoast.com\/product\/yoast-seo-wordpress\/ -->\n<title>Servicio de envio directo en menos de 24 horas<\/title>\n<meta name=\"description\" content=\"Contamos con un servicio especial de recogida y entrega directa dentro de todo el territorio Espa\u00f1ol (Peninsula), Portugal, Francia y Alemania.\" \/>\n<meta name=\"robots\" content=\"index, follow, max-snippet:-1, max-image-preview:large, max-video-preview:-1\" \/>\n<link rel=\"canonical\" href=\"https:\/\/sgl-europa.com\/en\/servicio-de-envio\/\" \/>\n<meta property=\"og:locale\" content=\"en_US\" \/>\n<meta property=\"og:type\" content=\"article\" \/>\n<meta property=\"og:title\" content=\"Servicio de envio directo en menos de 24 horas\" \/>\n<meta property=\"og:description\" content=\"Contamos con un servicio especial de recogida y entrega directa dentro de todo el territorio Espa\u00f1ol (Peninsula), Portugal, Francia y Alemania.\" \/>\n<meta property=\"og:url\" content=\"https:\/\/sgl-europa.com\/en\/servicio-de-envio\/\" \/>\n<meta property=\"og:site_name\" content=\"SGL - Centro de distribuci\u00f3n con servicios de impresi\u00f3n profesional.\" \/>\n<meta property=\"article:modified_time\" content=\"2026-02-04T15:19:17+00:00\" \/>\n<meta name=\"twitter:card\" content=\"summary_large_image\" \/>\n<meta name=\"twitter:label1\" content=\"Est. reading time\" \/>\n\t<meta name=\"twitter:data1\" content=\"2 minutes\" \/>\n<script type=\"application\/ld+json\" class=\"yoast-schema-graph\">{\"@context\":\"https:\/\/schema.org\",\"@graph\":[{\"@type\":\"WebPage\",\"@id\":\"https:\/\/sgl-europa.com\/servicio-de-envio\",\"url\":\"https:\/\/sgl-europa.com\/servicio-de-envio\",\"name\":\"Servicio de envio directo en menos de 24 horas\",\"isPartOf\":{\"@id\":\"https:\/\/sgl-europa.com\/#website\"},\"datePublished\":\"2026-02-04T15:11:01+00:00\",\"dateModified\":\"2026-02-04T15:19:17+00:00\",\"description\":\"Contamos con un servicio especial de recogida y entrega directa dentro de todo el territorio Espa\u00f1ol (Peninsula), Portugal, Francia y Alemania.\",\"breadcrumb\":{\"@id\":\"https:\/\/sgl-europa.com\/servicio-de-envio#breadcrumb\"},\"inLanguage\":\"en-US\",\"potentialAction\":[{\"@type\":\"ReadAction\",\"target\":[\"https:\/\/sgl-europa.com\/servicio-de-envio\"]}]},{\"@type\":\"BreadcrumbList\",\"@id\":\"https:\/\/sgl-europa.com\/servicio-de-envio#breadcrumb\",\"itemListElement\":[{\"@type\":\"ListItem\",\"position\":1,\"name\":\"Portada\",\"item\":\"https:\/\/sgl-europa.com\/\"},{\"@type\":\"ListItem\",\"position\":2,\"name\":\"Servicio de env\u00edo\"}]},{\"@type\":\"WebSite\",\"@id\":\"https:\/\/sgl-europa.com\/#website\",\"url\":\"https:\/\/sgl-europa.com\/\",\"name\":\"SGL - Centro de distribuci\u00f3n con servicios de impresi\u00f3n profesional.\",\"description\":\"SGL - Centro de distribuci\u00f3n con servicios de impresi\u00f3n profesional.\",\"publisher\":{\"@id\":\"https:\/\/sgl-europa.com\/#organization\"},\"potentialAction\":[{\"@type\":\"SearchAction\",\"target\":{\"@type\":\"EntryPoint\",\"urlTemplate\":\"https:\/\/sgl-europa.com\/?s={search_term_string}\"},\"query-input\":{\"@type\":\"PropertyValueSpecification\",\"valueRequired\":true,\"valueName\":\"search_term_string\"}}],\"inLanguage\":\"en-US\"},{\"@type\":\"Organization\",\"@id\":\"https:\/\/sgl-europa.com\/#organization\",\"name\":\"Soluciones gr\u00e1ficas y logisticas, S.L.\",\"url\":\"https:\/\/sgl-europa.com\/\",\"logo\":{\"@type\":\"ImageObject\",\"inLanguage\":\"en-US\",\"@id\":\"https:\/\/sgl-europa.com\/#\/schema\/logo\/image\/\",\"url\":\"https:\/\/sgl-europa.com\/wp-content\/uploads\/2024\/03\/Logotipo-SGL.png\",\"contentUrl\":\"https:\/\/sgl-europa.com\/wp-content\/uploads\/2024\/03\/Logotipo-SGL.png\",\"width\":595,\"height\":403,\"caption\":\"Soluciones gr\u00e1ficas y logisticas, S.L.\"},\"image\":{\"@id\":\"https:\/\/sgl-europa.com\/#\/schema\/logo\/image\/\"}}]}<\/script>\n<!-- \/ Yoast SEO plugin. -->","yoast_head_json":{"title":"Servicio de envio directo en menos de 24 horas","description":"Contamos con un servicio especial de recogida y entrega directa dentro de todo el territorio Espa\u00f1ol (Peninsula), Portugal, Francia y Alemania.","robots":{"index":"index","follow":"follow","max-snippet":"max-snippet:-1","max-image-preview":"max-image-preview:large","max-video-preview":"max-video-preview:-1"},"canonical":"https:\/\/sgl-europa.com\/en\/servicio-de-envio\/","og_locale":"en_US","og_type":"article","og_title":"Servicio de envio directo en menos de 24 horas","og_description":"Contamos con un servicio especial de recogida y entrega directa dentro de todo el territorio Espa\u00f1ol (Peninsula), Portugal, Francia y Alemania.","og_url":"https:\/\/sgl-europa.com\/en\/servicio-de-envio\/","og_site_name":"SGL - Centro de distribuci\u00f3n con servicios de impresi\u00f3n profesional.","article_modified_time":"2026-02-04T15:19:17+00:00","twitter_card":"summary_large_image","twitter_misc":{"Est. reading time":"2 minutes"},"schema":{"@context":"https:\/\/schema.org","@graph":[{"@type":"WebPage","@id":"https:\/\/sgl-europa.com\/servicio-de-envio","url":"https:\/\/sgl-europa.com\/servicio-de-envio","name":"Servicio de envio directo en menos de 24 horas","isPartOf":{"@id":"https:\/\/sgl-europa.com\/#website"},"datePublished":"2026-02-04T15:11:01+00:00","dateModified":"2026-02-04T15:19:17+00:00","description":"Contamos con un servicio especial de recogida y entrega directa dentro de todo el territorio Espa\u00f1ol (Peninsula), Portugal, Francia y Alemania.","breadcrumb":{"@id":"https:\/\/sgl-europa.com\/servicio-de-envio#breadcrumb"},"inLanguage":"en-US","potentialAction":[{"@type":"ReadAction","target":["https:\/\/sgl-europa.com\/servicio-de-envio"]}]},{"@type":"BreadcrumbList","@id":"https:\/\/sgl-europa.com\/servicio-de-envio#breadcrumb","itemListElement":[{"@type":"ListItem","position":1,"name":"Portada","item":"https:\/\/sgl-europa.com\/"},{"@type":"ListItem","position":2,"name":"Servicio de env\u00edo"}]},{"@type":"WebSite","@id":"https:\/\/sgl-europa.com\/#website","url":"https:\/\/sgl-europa.com\/","name":"SGL - Centro de distribuci\u00f3n con servicios de impresi\u00f3n profesional.","description":"SGL - Centro de distribuci\u00f3n con servicios de impresi\u00f3n profesional.","publisher":{"@id":"https:\/\/sgl-europa.com\/#organization"},"potentialAction":[{"@type":"SearchAction","target":{"@type":"EntryPoint","urlTemplate":"https:\/\/sgl-europa.com\/?s={search_term_string}"},"query-input":{"@type":"PropertyValueSpecification","valueRequired":true,"valueName":"search_term_string"}}],"inLanguage":"en-US"},{"@type":"Organization","@id":"https:\/\/sgl-europa.com\/#organization","name":"Soluciones gr\u00e1ficas y logisticas, S.L.","url":"https:\/\/sgl-europa.com\/","logo":{"@type":"ImageObject","inLanguage":"en-US","@id":"https:\/\/sgl-europa.com\/#\/schema\/logo\/image\/","url":"https:\/\/sgl-europa.com\/wp-content\/uploads\/2024\/03\/Logotipo-SGL.png","contentUrl":"https:\/\/sgl-europa.com\/wp-content\/uploads\/2024\/03\/Logotipo-SGL.png","width":595,"height":403,"caption":"Soluciones gr\u00e1ficas y logisticas, S.L."},"image":{"@id":"https:\/\/sgl-europa.com\/#\/schema\/logo\/image\/"}}]}},"_links":{"self":[{"href":"https:\/\/sgl-europa.com\/en\/wp-json\/wp\/v2\/pages\/15639","targetHints":{"allow":["GET"]}}],"collection":[{"href":"https:\/\/sgl-europa.com\/en\/wp-json\/wp\/v2\/pages"}],"about":[{"href":"https:\/\/sgl-europa.com\/en\/wp-json\/wp\/v2\/types\/page"}],"author":[{"embeddable":true,"href":"https:\/\/sgl-europa.com\/en\/wp-json\/wp\/v2\/users\/1"}],"replies":[{"embeddable":true,"href":"https:\/\/sgl-europa.com\/en\/wp-json\/wp\/v2\/comments?post=15639"}],"version-history":[{"count":5,"href":"https:\/\/sgl-europa.com\/en\/wp-json\/wp\/v2\/pages\/15639\/revisions"}],"predecessor-version":[{"id":15645,"href":"https:\/\/sgl-europa.com\/en\/wp-json\/wp\/v2\/pages\/15639\/revisions\/15645"}],"wp:attachment":[{"href":"https:\/\/sgl-europa.com\/en\/wp-json\/wp\/v2\/media?parent=15639"}],"curies":[{"name":"wp","href":"https:\/\/api.w.org\/{rel}","templated":true}]}}