{"id":15582,"date":"2024-08-28T14:50:53","date_gmt":"2024-08-28T14:50:53","guid":{"rendered":"https:\/\/sgl-europa.com\/?page_id=15582"},"modified":"2024-09-04T06:24:55","modified_gmt":"2024-09-04T06:24:55","slug":"agencias-y-profesionales","status":"publish","type":"page","link":"https:\/\/sgl-europa.com\/en\/agencias-y-profesionales","title":{"rendered":"Agencies and Professionals"},"content":{"rendered":"<div class=\"wpb-content-wrapper\"><div      class=\"vc_row wpb_row section vc_row-fluid\" style=' text-align:left;'><div class=\"full_section_inner clearfix\"><div class=\"wpb_column vc_column_container vc_col-sm-12\"><div class=\"vc_column-inner\"><div class=\"wpb_wrapper\"><div      class=\"vc_row wpb_row section vc_row-fluid vc_inner  grid_section\" style=' text-align:left;'><div class=\"section_inner clearfix\"><div class='section_inner_margin clearfix'><div class=\"wpb_column vc_column_container vc_col-sm-6\"><div class=\"vc_column-inner\"><div class=\"wpb_wrapper\">\n\t<div class=\"wpb_single_image wpb_content_element vc_align_left\">\n\t\t<div class=\"wpb_wrapper\">\n\t\t\t\n\t\t\t<div class=\"vc_single_image-wrapper   vc_box_border_grey\"><img fetchpriority=\"high\" decoding=\"async\" width=\"1423\" height=\"906\" src=\"https:\/\/sgl-europa.com\/wp-content\/uploads\/2024\/08\/agencias-de-publicidad.jpg\" class=\"vc_single_image-img attachment-full\" alt=\"\" title=\"Group of Multiethnic Designers Brainstorming\" srcset=\"https:\/\/sgl-europa.com\/wp-content\/uploads\/2024\/08\/agencias-de-publicidad.jpg 1423w, https:\/\/sgl-europa.com\/wp-content\/uploads\/2024\/08\/agencias-de-publicidad-300x191.jpg 300w, https:\/\/sgl-europa.com\/wp-content\/uploads\/2024\/08\/agencias-de-publicidad-1024x652.jpg 1024w, https:\/\/sgl-europa.com\/wp-content\/uploads\/2024\/08\/agencias-de-publicidad-768x489.jpg 768w, https:\/\/sgl-europa.com\/wp-content\/uploads\/2024\/08\/agencias-de-publicidad-18x12.jpg 18w, https:\/\/sgl-europa.com\/wp-content\/uploads\/2024\/08\/agencias-de-publicidad-700x446.jpg 700w\" sizes=\"(max-width: 1423px) 100vw, 1423px\" \/><\/div>\n\t\t<\/div>\n\t<\/div>\n<\/div><\/div><\/div><div class=\"wpb_column vc_column_container vc_col-sm-6\"><div class=\"vc_column-inner\"><div class=\"wpb_wrapper\">\n\t<div class=\"wpb_text_column wpb_content_element  vc_custom_1724857205537\">\n\t\t<div class=\"wpb_wrapper\">\n\t\t\t<h2>Our job is to provide a solution to your actions.<\/h2>\n\n\t\t<\/div> \n\t<\/div> \n\t<div class=\"wpb_text_column wpb_content_element  vc_custom_1724857160704\">\n\t\t<div class=\"wpb_wrapper\">\n\t\t\t<p class=\"translation-block\"><strong>Our screen printing workshop is the ideal solution for your advertising agency<\/strong> in each of your clients' promotional actions. We have the capacity to print on any object and material, which allows us to offer unparalleled versatility to capture creative ideas in promotional products.<\/p>\n<p>From textiles to plastics and metals, our team of experts ensures that every print meets the highest quality standards, helping your agency stand out in every advertising campaign.<\/p>\n\n\t\t<\/div> \n\t<\/div> <\/div><\/div><\/div><\/div><\/div><\/div><\/div><\/div><\/div><\/div><\/div><div      class=\"vc_row wpb_row section vc_row-fluid\" style='background-color:#ffffff; text-align:left;'><div class=\"full_section_inner clearfix\"><div class=\"wpb_column vc_column_container vc_col-sm-12\"><div class=\"vc_column-inner\"><div class=\"wpb_wrapper\"><div      class=\"vc_row wpb_row section vc_row-fluid vc_inner  grid_section\" style=' text-align:left;'><div class=\"section_inner clearfix\"><div class='section_inner_margin clearfix'><div class=\"wpb_column vc_column_container vc_col-sm-12\"><div class=\"vc_column-inner vc_custom_1724858290275\"><div class=\"wpb_wrapper\">\n\t<div class=\"wpb_text_column wpb_content_element\">\n\t\t<div class=\"wpb_wrapper\">\n\t\t\t<h1 style=\"text-align: center;\">Our process is very simple.<\/h1>\n\n\t\t<\/div> \n\t<\/div> <\/div><\/div><\/div><\/div><\/div><\/div><div      class=\"vc_row wpb_row section vc_row-fluid vc_inner  grid_section\" style=' text-align:left;'><div class=\"section_inner clearfix\"><div class='section_inner_margin clearfix'><div class=\"wpb_column vc_column_container vc_col-sm-1\/5\"><div class=\"vc_column-inner\"><div class=\"wpb_wrapper\">\n\t<div class=\"wpb_single_image wpb_content_element vc_align_center\">\n\t\t<div class=\"wpb_wrapper\">\n\t\t\t\n\t\t\t<div class=\"vc_single_image-wrapper   vc_box_border_grey\"><img decoding=\"async\" width=\"500\" height=\"500\" src=\"https:\/\/sgl-europa.com\/wp-content\/uploads\/2024\/08\/iconos-04.png\" class=\"vc_single_image-img attachment-full\" alt=\"\" title=\"iconos-04\" srcset=\"https:\/\/sgl-europa.com\/wp-content\/uploads\/2024\/08\/iconos-04.png 500w, https:\/\/sgl-europa.com\/wp-content\/uploads\/2024\/08\/iconos-04-300x300.png 300w, https:\/\/sgl-europa.com\/wp-content\/uploads\/2024\/08\/iconos-04-150x150.png 150w, https:\/\/sgl-europa.com\/wp-content\/uploads\/2024\/08\/iconos-04-12x12.png 12w\" sizes=\"(max-width: 500px) 100vw, 500px\" \/><\/div>\n\t\t<\/div>\n\t<\/div>\n\n\t<div class=\"wpb_text_column wpb_content_element\">\n\t\t<div class=\"wpb_wrapper\">\n\t\t\t<p><strong>1. Purchase items from your trusted supplier.<\/strong><\/p>\n\n\t\t<\/div> \n\t<\/div> <\/div><\/div><\/div><div class=\"wpb_column vc_column_container vc_col-sm-1\/5\"><div class=\"vc_column-inner\"><div class=\"wpb_wrapper\">\n\t<div class=\"wpb_single_image wpb_content_element vc_align_center\">\n\t\t<div class=\"wpb_wrapper\">\n\t\t\t\n\t\t\t<div class=\"vc_single_image-wrapper   vc_box_border_grey\"><img decoding=\"async\" width=\"500\" height=\"500\" src=\"https:\/\/sgl-europa.com\/wp-content\/uploads\/2024\/08\/iconos_Mesa-de-trabajo-1.png\" class=\"vc_single_image-img attachment-full\" alt=\"\" title=\"iconos_Mesa de trabajo 1\" srcset=\"https:\/\/sgl-europa.com\/wp-content\/uploads\/2024\/08\/iconos_Mesa-de-trabajo-1.png 500w, https:\/\/sgl-europa.com\/wp-content\/uploads\/2024\/08\/iconos_Mesa-de-trabajo-1-300x300.png 300w, https:\/\/sgl-europa.com\/wp-content\/uploads\/2024\/08\/iconos_Mesa-de-trabajo-1-150x150.png 150w, https:\/\/sgl-europa.com\/wp-content\/uploads\/2024\/08\/iconos_Mesa-de-trabajo-1-12x12.png 12w\" sizes=\"(max-width: 500px) 100vw, 500px\" \/><\/div>\n\t\t<\/div>\n\t<\/div>\n\n\t<div class=\"wpb_text_column wpb_content_element\">\n\t\t<div class=\"wpb_wrapper\">\n\t\t\t<p><strong>2. Send them to our warehouse.<\/strong><\/p>\n\n\t\t<\/div> \n\t<\/div> <\/div><\/div><\/div><div class=\"wpb_column vc_column_container vc_col-sm-1\/5\"><div class=\"vc_column-inner\"><div class=\"wpb_wrapper\">\n\t<div class=\"wpb_single_image wpb_content_element vc_align_center\">\n\t\t<div class=\"wpb_wrapper\">\n\t\t\t\n\t\t\t<div class=\"vc_single_image-wrapper   vc_box_border_grey\"><img loading=\"lazy\" decoding=\"async\" width=\"500\" height=\"500\" src=\"https:\/\/sgl-europa.com\/wp-content\/uploads\/2024\/08\/iconos-02.png\" class=\"vc_single_image-img attachment-full\" alt=\"\" title=\"iconos-02\" srcset=\"https:\/\/sgl-europa.com\/wp-content\/uploads\/2024\/08\/iconos-02.png 500w, https:\/\/sgl-europa.com\/wp-content\/uploads\/2024\/08\/iconos-02-300x300.png 300w, https:\/\/sgl-europa.com\/wp-content\/uploads\/2024\/08\/iconos-02-150x150.png 150w, https:\/\/sgl-europa.com\/wp-content\/uploads\/2024\/08\/iconos-02-12x12.png 12w\" sizes=\"(max-width: 500px) 100vw, 500px\" \/><\/div>\n\t\t<\/div>\n\t<\/div>\n\n\t<div class=\"wpb_text_column wpb_content_element\">\n\t\t<div class=\"wpb_wrapper\">\n\t\t\t<p><strong>3. We unify and personalize.<\/strong><\/p>\n\n\t\t<\/div> \n\t<\/div> <\/div><\/div><\/div><div class=\"wpb_column vc_column_container vc_col-sm-1\/5\"><div class=\"vc_column-inner\"><div class=\"wpb_wrapper\">\n\t<div class=\"wpb_single_image wpb_content_element vc_align_center\">\n\t\t<div class=\"wpb_wrapper\">\n\t\t\t\n\t\t\t<div class=\"vc_single_image-wrapper   vc_box_border_grey\"><img loading=\"lazy\" decoding=\"async\" width=\"500\" height=\"500\" src=\"https:\/\/sgl-europa.com\/wp-content\/uploads\/2024\/08\/iconos-03.png\" class=\"vc_single_image-img attachment-full\" alt=\"\" title=\"iconos-03\" srcset=\"https:\/\/sgl-europa.com\/wp-content\/uploads\/2024\/08\/iconos-03.png 500w, https:\/\/sgl-europa.com\/wp-content\/uploads\/2024\/08\/iconos-03-300x300.png 300w, https:\/\/sgl-europa.com\/wp-content\/uploads\/2024\/08\/iconos-03-150x150.png 150w, https:\/\/sgl-europa.com\/wp-content\/uploads\/2024\/08\/iconos-03-12x12.png 12w\" sizes=\"(max-width: 500px) 100vw, 500px\" \/><\/div>\n\t\t<\/div>\n\t<\/div>\n\n\t<div class=\"wpb_text_column wpb_content_element\">\n\t\t<div class=\"wpb_wrapper\">\n\t\t\t<p><strong>4. We pack with your labels, delivery notes, etc.<\/strong><\/p>\n\n\t\t<\/div> \n\t<\/div> <\/div><\/div><\/div><div class=\"wpb_column vc_column_container vc_col-sm-1\/5 vc_col-has-fill\"><div class=\"vc_column-inner vc_custom_1724859256393\"><div class=\"wpb_wrapper\">\n\t<div class=\"wpb_single_image wpb_content_element vc_align_center\">\n\t\t<div class=\"wpb_wrapper\">\n\t\t\t\n\t\t\t<div class=\"vc_single_image-wrapper   vc_box_border_grey\"><img loading=\"lazy\" decoding=\"async\" width=\"500\" height=\"500\" src=\"https:\/\/sgl-europa.com\/wp-content\/uploads\/2024\/08\/iconos-05.png\" class=\"vc_single_image-img attachment-full\" alt=\"\" title=\"iconos-05\" srcset=\"https:\/\/sgl-europa.com\/wp-content\/uploads\/2024\/08\/iconos-05.png 500w, https:\/\/sgl-europa.com\/wp-content\/uploads\/2024\/08\/iconos-05-300x300.png 300w, https:\/\/sgl-europa.com\/wp-content\/uploads\/2024\/08\/iconos-05-150x150.png 150w, https:\/\/sgl-europa.com\/wp-content\/uploads\/2024\/08\/iconos-05-12x12.png 12w\" sizes=\"(max-width: 500px) 100vw, 500px\" \/><\/div>\n\t\t<\/div>\n\t<\/div>\n\n\t<div class=\"wpb_text_column wpb_content_element\">\n\t\t<div class=\"wpb_wrapper\">\n\t\t\t<p><strong>5. Send your package, your order directly to your customer with absolute confidentiality.<\/strong><\/p>\n\n\t\t<\/div> \n\t<\/div> <\/div><\/div><\/div><\/div><\/div><\/div><\/div><\/div><\/div><\/div><\/div><div      class=\"vc_row wpb_row section vc_row-fluid\" style='background-color:#002a4a; text-align:left;'><div class=\"full_section_inner clearfix\"><div class=\"wpb_column vc_column_container vc_col-sm-12\"><div class=\"vc_column-inner\"><div class=\"wpb_wrapper\"><div      class=\"vc_row wpb_row section vc_row-fluid vc_inner  grid_section\" style=' text-align:left;'><div class=\"section_inner clearfix\"><div class='section_inner_margin clearfix'><div class=\"wpb_column vc_column_container vc_col-sm-12\"><div class=\"vc_column-inner\"><div class=\"wpb_wrapper\">\n\t<div class=\"wpb_text_column wpb_content_element  vc_custom_1724859912799\">\n\t\t<div class=\"wpb_wrapper\">\n\t\t\t<h1 style=\"text-align: center;\"><span style=\"color: #ffffff;\">Contact us<\/span><\/h1>\n<p style=\"text-align: center;\"><span style=\"color: #ffffff;\">We will be happy to send you our rates for professionals.<\/span><\/p>\n\n\t\t<\/div> \n\t<\/div> <\/div><\/div><\/div><\/div><\/div><\/div><\/div><\/div><\/div><\/div><\/div>\n<\/div>","protected":false},"excerpt":{"rendered":"Nuestro trabajo es darle una soluci\u00f3n a sus acciones. Nuestro taller de serigraf\u00eda es la soluci\u00f3n ideal para su agencia de publicidad en cada una de las acciones promocionales de sus clientes. Contamos con la capacidad de imprimir sobre cualquier objeto y material, lo que...","protected":false},"author":1,"featured_media":0,"parent":0,"menu_order":0,"comment_status":"closed","ping_status":"closed","template":"full_width.php","meta":{"content-type":"","footnotes":""},"class_list":["post-15582","page","type-page","status-publish","hentry"],"yoast_head":"<!-- This site is optimized with the Yoast SEO plugin v26.9 - https:\/\/yoast.com\/product\/yoast-seo-wordpress\/ -->\n<title>Taller de serigrafia para profesionales del sector gr\u00e1fico en Espa\u00f1a.<\/title>\n<meta name=\"description\" content=\"Especializados en prestar servicios de impresi\u00f3n a agencias de publicidad, dise\u00f1adores gr\u00e1ficos entre otros profesionales del sector.\" \/>\n<meta name=\"robots\" content=\"index, follow, max-snippet:-1, max-image-preview:large, max-video-preview:-1\" \/>\n<link rel=\"canonical\" href=\"https:\/\/sgl-europa.com\/en\/agencias-y-profesionales\/\" \/>\n<meta property=\"og:locale\" content=\"en_US\" \/>\n<meta property=\"og:type\" content=\"article\" \/>\n<meta property=\"og:title\" content=\"Taller de serigrafia para profesionales del sector gr\u00e1fico en Espa\u00f1a.\" \/>\n<meta property=\"og:description\" content=\"Especializados en prestar servicios de impresi\u00f3n a agencias de publicidad, dise\u00f1adores gr\u00e1ficos entre otros profesionales del sector.\" \/>\n<meta property=\"og:url\" content=\"https:\/\/sgl-europa.com\/en\/agencias-y-profesionales\/\" \/>\n<meta property=\"og:site_name\" content=\"SGL - Centro de distribuci\u00f3n con servicios de impresi\u00f3n profesional.\" \/>\n<meta property=\"article:modified_time\" content=\"2024-09-04T06:24:55+00:00\" \/>\n<meta name=\"twitter:card\" content=\"summary_large_image\" \/>\n<meta name=\"twitter:label1\" content=\"Est. reading time\" \/>\n\t<meta name=\"twitter:data1\" content=\"3 minutes\" \/>\n<script type=\"application\/ld+json\" class=\"yoast-schema-graph\">{\"@context\":\"https:\/\/schema.org\",\"@graph\":[{\"@type\":\"WebPage\",\"@id\":\"https:\/\/sgl-europa.com\/agencias-y-profesionales\",\"url\":\"https:\/\/sgl-europa.com\/agencias-y-profesionales\",\"name\":\"Taller de serigrafia para profesionales del sector gr\u00e1fico en Espa\u00f1a.\",\"isPartOf\":{\"@id\":\"https:\/\/sgl-europa.com\/#website\"},\"datePublished\":\"2024-08-28T14:50:53+00:00\",\"dateModified\":\"2024-09-04T06:24:55+00:00\",\"description\":\"Especializados en prestar servicios de impresi\u00f3n a agencias de publicidad, dise\u00f1adores gr\u00e1ficos entre otros profesionales del sector.\",\"breadcrumb\":{\"@id\":\"https:\/\/sgl-europa.com\/agencias-y-profesionales#breadcrumb\"},\"inLanguage\":\"en-US\",\"potentialAction\":[{\"@type\":\"ReadAction\",\"target\":[\"https:\/\/sgl-europa.com\/agencias-y-profesionales\"]}]},{\"@type\":\"BreadcrumbList\",\"@id\":\"https:\/\/sgl-europa.com\/agencias-y-profesionales#breadcrumb\",\"itemListElement\":[{\"@type\":\"ListItem\",\"position\":1,\"name\":\"Portada\",\"item\":\"https:\/\/sgl-europa.com\/\"},{\"@type\":\"ListItem\",\"position\":2,\"name\":\"Agencias y Profesionales\"}]},{\"@type\":\"WebSite\",\"@id\":\"https:\/\/sgl-europa.com\/#website\",\"url\":\"https:\/\/sgl-europa.com\/\",\"name\":\"SGL - Centro de distribuci\u00f3n con servicios de impresi\u00f3n profesional.\",\"description\":\"SGL - Centro de distribuci\u00f3n con servicios de impresi\u00f3n profesional.\",\"publisher\":{\"@id\":\"https:\/\/sgl-europa.com\/#organization\"},\"potentialAction\":[{\"@type\":\"SearchAction\",\"target\":{\"@type\":\"EntryPoint\",\"urlTemplate\":\"https:\/\/sgl-europa.com\/?s={search_term_string}\"},\"query-input\":{\"@type\":\"PropertyValueSpecification\",\"valueRequired\":true,\"valueName\":\"search_term_string\"}}],\"inLanguage\":\"en-US\"},{\"@type\":\"Organization\",\"@id\":\"https:\/\/sgl-europa.com\/#organization\",\"name\":\"Soluciones gr\u00e1ficas y logisticas, S.L.\",\"url\":\"https:\/\/sgl-europa.com\/\",\"logo\":{\"@type\":\"ImageObject\",\"inLanguage\":\"en-US\",\"@id\":\"https:\/\/sgl-europa.com\/#\/schema\/logo\/image\/\",\"url\":\"https:\/\/sgl-europa.com\/wp-content\/uploads\/2024\/03\/Logotipo-SGL.png\",\"contentUrl\":\"https:\/\/sgl-europa.com\/wp-content\/uploads\/2024\/03\/Logotipo-SGL.png\",\"width\":595,\"height\":403,\"caption\":\"Soluciones gr\u00e1ficas y logisticas, S.L.\"},\"image\":{\"@id\":\"https:\/\/sgl-europa.com\/#\/schema\/logo\/image\/\"}}]}<\/script>\n<!-- \/ Yoast SEO plugin. -->","yoast_head_json":{"title":"Taller de serigrafia para profesionales del sector gr\u00e1fico en Espa\u00f1a.","description":"Especializados en prestar servicios de impresi\u00f3n a agencias de publicidad, dise\u00f1adores gr\u00e1ficos entre otros profesionales del sector.","robots":{"index":"index","follow":"follow","max-snippet":"max-snippet:-1","max-image-preview":"max-image-preview:large","max-video-preview":"max-video-preview:-1"},"canonical":"https:\/\/sgl-europa.com\/en\/agencias-y-profesionales\/","og_locale":"en_US","og_type":"article","og_title":"Taller de serigrafia para profesionales del sector gr\u00e1fico en Espa\u00f1a.","og_description":"Especializados en prestar servicios de impresi\u00f3n a agencias de publicidad, dise\u00f1adores gr\u00e1ficos entre otros profesionales del sector.","og_url":"https:\/\/sgl-europa.com\/en\/agencias-y-profesionales\/","og_site_name":"SGL - Centro de distribuci\u00f3n con servicios de impresi\u00f3n profesional.","article_modified_time":"2024-09-04T06:24:55+00:00","twitter_card":"summary_large_image","twitter_misc":{"Est. reading time":"3 minutes"},"schema":{"@context":"https:\/\/schema.org","@graph":[{"@type":"WebPage","@id":"https:\/\/sgl-europa.com\/agencias-y-profesionales","url":"https:\/\/sgl-europa.com\/agencias-y-profesionales","name":"Taller de serigrafia para profesionales del sector gr\u00e1fico en Espa\u00f1a.","isPartOf":{"@id":"https:\/\/sgl-europa.com\/#website"},"datePublished":"2024-08-28T14:50:53+00:00","dateModified":"2024-09-04T06:24:55+00:00","description":"Especializados en prestar servicios de impresi\u00f3n a agencias de publicidad, dise\u00f1adores gr\u00e1ficos entre otros profesionales del sector.","breadcrumb":{"@id":"https:\/\/sgl-europa.com\/agencias-y-profesionales#breadcrumb"},"inLanguage":"en-US","potentialAction":[{"@type":"ReadAction","target":["https:\/\/sgl-europa.com\/agencias-y-profesionales"]}]},{"@type":"BreadcrumbList","@id":"https:\/\/sgl-europa.com\/agencias-y-profesionales#breadcrumb","itemListElement":[{"@type":"ListItem","position":1,"name":"Portada","item":"https:\/\/sgl-europa.com\/"},{"@type":"ListItem","position":2,"name":"Agencias y Profesionales"}]},{"@type":"WebSite","@id":"https:\/\/sgl-europa.com\/#website","url":"https:\/\/sgl-europa.com\/","name":"SGL - Centro de distribuci\u00f3n con servicios de impresi\u00f3n profesional.","description":"SGL - Centro de distribuci\u00f3n con servicios de impresi\u00f3n profesional.","publisher":{"@id":"https:\/\/sgl-europa.com\/#organization"},"potentialAction":[{"@type":"SearchAction","target":{"@type":"EntryPoint","urlTemplate":"https:\/\/sgl-europa.com\/?s={search_term_string}"},"query-input":{"@type":"PropertyValueSpecification","valueRequired":true,"valueName":"search_term_string"}}],"inLanguage":"en-US"},{"@type":"Organization","@id":"https:\/\/sgl-europa.com\/#organization","name":"Soluciones gr\u00e1ficas y logisticas, S.L.","url":"https:\/\/sgl-europa.com\/","logo":{"@type":"ImageObject","inLanguage":"en-US","@id":"https:\/\/sgl-europa.com\/#\/schema\/logo\/image\/","url":"https:\/\/sgl-europa.com\/wp-content\/uploads\/2024\/03\/Logotipo-SGL.png","contentUrl":"https:\/\/sgl-europa.com\/wp-content\/uploads\/2024\/03\/Logotipo-SGL.png","width":595,"height":403,"caption":"Soluciones gr\u00e1ficas y logisticas, S.L."},"image":{"@id":"https:\/\/sgl-europa.com\/#\/schema\/logo\/image\/"}}]}},"_links":{"self":[{"href":"https:\/\/sgl-europa.com\/en\/wp-json\/wp\/v2\/pages\/15582","targetHints":{"allow":["GET"]}}],"collection":[{"href":"https:\/\/sgl-europa.com\/en\/wp-json\/wp\/v2\/pages"}],"about":[{"href":"https:\/\/sgl-europa.com\/en\/wp-json\/wp\/v2\/types\/page"}],"author":[{"embeddable":true,"href":"https:\/\/sgl-europa.com\/en\/wp-json\/wp\/v2\/users\/1"}],"replies":[{"embeddable":true,"href":"https:\/\/sgl-europa.com\/en\/wp-json\/wp\/v2\/comments?post=15582"}],"version-history":[{"count":30,"href":"https:\/\/sgl-europa.com\/en\/wp-json\/wp\/v2\/pages\/15582\/revisions"}],"predecessor-version":[{"id":15618,"href":"https:\/\/sgl-europa.com\/en\/wp-json\/wp\/v2\/pages\/15582\/revisions\/15618"}],"wp:attachment":[{"href":"https:\/\/sgl-europa.com\/en\/wp-json\/wp\/v2\/media?parent=15582"}],"curies":[{"name":"wp","href":"https:\/\/api.w.org\/{rel}","templated":true}]}}