{"id":15523,"date":"2024-08-20T14:15:15","date_gmt":"2024-08-20T14:15:15","guid":{"rendered":"https:\/\/sgl-europa.com\/?page_id=15523"},"modified":"2024-09-04T06:26:07","modified_gmt":"2024-09-04T06:26:07","slug":"quienes-somos","status":"publish","type":"page","link":"https:\/\/sgl-europa.com\/en\/quienes-somos","title":{"rendered":"Who we are"},"content":{"rendered":"<div class=\"wpb-content-wrapper\"><div      class=\"vc_row wpb_row section vc_row-fluid  vc_custom_1724174037035\" style='background-image:url(https:\/\/sgl-europa.com\/wp-content\/uploads\/2024\/08\/banner-sgl.png); text-align:left;'><div class=\"full_section_inner clearfix\"><div class=\"wpb_column vc_column_container vc_col-sm-12\"><div class=\"vc_column-inner\"><div class=\"wpb_wrapper\"><\/div><\/div><\/div><\/div><\/div><div      class=\"vc_row wpb_row section vc_row-fluid  vc_custom_1724163312602 grid_section\" style=' text-align:left;'><div class=\"section_inner clearfix\"><div class='section_inner_margin clearfix'><div class=\"wpb_column vc_column_container vc_col-sm-12\"><div class=\"vc_column-inner\"><div class=\"wpb_wrapper\">\n\t<div class=\"wpb_text_column wpb_content_element\">\n\t\t<div class=\"wpb_wrapper\">\n\t\t\t<p>At SGL, we are a company dedicated to offering advanced solutions in logistics and printing services to professional clients in the area of \u200b\u200bpersonalized items, work uniforms, among others. With a solid presence in Europe, our mission is to facilitate the efficient and safe movement of your products, adapting to the specific needs of each client.<\/p>\n<p>We specialize in managing complex logistics operations, providing a comprehensive service that includes warehousing services, inventory management and customization processes. Our team is made up of experts in logistics and graphic solutions with extensive experience in the sector, committed to providing a personalized and high-quality service.<\/p>\n<p>Since our beginnings, we have worked with the vision of being a strategic partner for our clients, helping them optimize their production processes and overcome the logistical challenges of a constantly changing global market. Innovation, efficiency and operational excellence are the pillars that support our daily work.<\/p>\n<p>At SGL Europe, we understand that every business is unique, which is why we strive to offer flexible and adaptable solutions that meet the highest industry standards. We are here to take your business further, with the confidence that your products will reach their destination on time and safely.<\/p>\n\n\t\t<\/div> \n\t<\/div> <\/div><\/div><\/div><\/div><\/div><\/div>\n<\/div>","protected":false},"excerpt":{"rendered":"En SGL, somos una empresa dedicada a ofrecer soluciones avanzadas en log\u00edstica y servicios de impresi\u00f3n a clientes profesionales en el \u00e1rea del art\u00edculo personalizado, uniforme laboral, entre otros. Con una s\u00f3lida presencia en Europa, nuestra misi\u00f3n es facilitar el movimiento eficiente y seguro de...","protected":false},"author":1,"featured_media":0,"parent":0,"menu_order":0,"comment_status":"closed","ping_status":"closed","template":"","meta":{"content-type":"","footnotes":""},"class_list":["post-15523","page","type-page","status-publish","hentry"],"yoast_head":"<!-- This site is optimized with the Yoast SEO plugin v26.9 - https:\/\/yoast.com\/product\/yoast-seo-wordpress\/ -->\n<title>Taller de serigrafia y tampografia con servicios log\u00edsticos.<\/title>\n<meta name=\"description\" content=\"Somos el brazo ejecutor de tu proyecto. Almacena tus productos en nuestros almacenes, y nosotros personalizaremos a demanda para tus clientes\" \/>\n<meta name=\"robots\" content=\"index, follow, max-snippet:-1, max-image-preview:large, max-video-preview:-1\" \/>\n<link rel=\"canonical\" href=\"https:\/\/sgl-europa.com\/en\/quienes-somos\/\" \/>\n<meta property=\"og:locale\" content=\"en_US\" \/>\n<meta property=\"og:type\" content=\"article\" \/>\n<meta property=\"og:title\" content=\"Taller de serigrafia y tampografia con servicios log\u00edsticos.\" \/>\n<meta property=\"og:description\" content=\"Somos el brazo ejecutor de tu proyecto. Almacena tus productos en nuestros almacenes, y nosotros personalizaremos a demanda para tus clientes\" \/>\n<meta property=\"og:url\" content=\"https:\/\/sgl-europa.com\/en\/quienes-somos\/\" \/>\n<meta property=\"og:site_name\" content=\"SGL - Centro de distribuci\u00f3n con servicios de impresi\u00f3n profesional.\" \/>\n<meta property=\"article:modified_time\" content=\"2024-09-04T06:26:07+00:00\" \/>\n<meta name=\"twitter:card\" content=\"summary_large_image\" \/>\n<meta name=\"twitter:label1\" content=\"Est. reading time\" \/>\n\t<meta name=\"twitter:data1\" content=\"2 minutes\" \/>\n<script type=\"application\/ld+json\" class=\"yoast-schema-graph\">{\"@context\":\"https:\/\/schema.org\",\"@graph\":[{\"@type\":\"WebPage\",\"@id\":\"https:\/\/sgl-europa.com\/quienes-somos\",\"url\":\"https:\/\/sgl-europa.com\/quienes-somos\",\"name\":\"Taller de serigrafia y tampografia con servicios log\u00edsticos.\",\"isPartOf\":{\"@id\":\"https:\/\/sgl-europa.com\/#website\"},\"datePublished\":\"2024-08-20T14:15:15+00:00\",\"dateModified\":\"2024-09-04T06:26:07+00:00\",\"description\":\"Somos el brazo ejecutor de tu proyecto. Almacena tus productos en nuestros almacenes, y nosotros personalizaremos a demanda para tus clientes\",\"breadcrumb\":{\"@id\":\"https:\/\/sgl-europa.com\/quienes-somos#breadcrumb\"},\"inLanguage\":\"en-US\",\"potentialAction\":[{\"@type\":\"ReadAction\",\"target\":[\"https:\/\/sgl-europa.com\/quienes-somos\"]}]},{\"@type\":\"BreadcrumbList\",\"@id\":\"https:\/\/sgl-europa.com\/quienes-somos#breadcrumb\",\"itemListElement\":[{\"@type\":\"ListItem\",\"position\":1,\"name\":\"Portada\",\"item\":\"https:\/\/sgl-europa.com\/\"},{\"@type\":\"ListItem\",\"position\":2,\"name\":\"Quienes somos\"}]},{\"@type\":\"WebSite\",\"@id\":\"https:\/\/sgl-europa.com\/#website\",\"url\":\"https:\/\/sgl-europa.com\/\",\"name\":\"SGL - Centro de distribuci\u00f3n con servicios de impresi\u00f3n profesional.\",\"description\":\"SGL - Centro de distribuci\u00f3n con servicios de impresi\u00f3n profesional.\",\"publisher\":{\"@id\":\"https:\/\/sgl-europa.com\/#organization\"},\"potentialAction\":[{\"@type\":\"SearchAction\",\"target\":{\"@type\":\"EntryPoint\",\"urlTemplate\":\"https:\/\/sgl-europa.com\/?s={search_term_string}\"},\"query-input\":{\"@type\":\"PropertyValueSpecification\",\"valueRequired\":true,\"valueName\":\"search_term_string\"}}],\"inLanguage\":\"en-US\"},{\"@type\":\"Organization\",\"@id\":\"https:\/\/sgl-europa.com\/#organization\",\"name\":\"Soluciones gr\u00e1ficas y logisticas, S.L.\",\"url\":\"https:\/\/sgl-europa.com\/\",\"logo\":{\"@type\":\"ImageObject\",\"inLanguage\":\"en-US\",\"@id\":\"https:\/\/sgl-europa.com\/#\/schema\/logo\/image\/\",\"url\":\"https:\/\/sgl-europa.com\/wp-content\/uploads\/2024\/03\/Logotipo-SGL.png\",\"contentUrl\":\"https:\/\/sgl-europa.com\/wp-content\/uploads\/2024\/03\/Logotipo-SGL.png\",\"width\":595,\"height\":403,\"caption\":\"Soluciones gr\u00e1ficas y logisticas, S.L.\"},\"image\":{\"@id\":\"https:\/\/sgl-europa.com\/#\/schema\/logo\/image\/\"}}]}<\/script>\n<!-- \/ Yoast SEO plugin. -->","yoast_head_json":{"title":"Taller de serigrafia y tampografia con servicios log\u00edsticos.","description":"Somos el brazo ejecutor de tu proyecto. Almacena tus productos en nuestros almacenes, y nosotros personalizaremos a demanda para tus clientes","robots":{"index":"index","follow":"follow","max-snippet":"max-snippet:-1","max-image-preview":"max-image-preview:large","max-video-preview":"max-video-preview:-1"},"canonical":"https:\/\/sgl-europa.com\/en\/quienes-somos\/","og_locale":"en_US","og_type":"article","og_title":"Taller de serigrafia y tampografia con servicios log\u00edsticos.","og_description":"Somos el brazo ejecutor de tu proyecto. Almacena tus productos en nuestros almacenes, y nosotros personalizaremos a demanda para tus clientes","og_url":"https:\/\/sgl-europa.com\/en\/quienes-somos\/","og_site_name":"SGL - Centro de distribuci\u00f3n con servicios de impresi\u00f3n profesional.","article_modified_time":"2024-09-04T06:26:07+00:00","twitter_card":"summary_large_image","twitter_misc":{"Est. reading time":"2 minutes"},"schema":{"@context":"https:\/\/schema.org","@graph":[{"@type":"WebPage","@id":"https:\/\/sgl-europa.com\/quienes-somos","url":"https:\/\/sgl-europa.com\/quienes-somos","name":"Taller de serigrafia y tampografia con servicios log\u00edsticos.","isPartOf":{"@id":"https:\/\/sgl-europa.com\/#website"},"datePublished":"2024-08-20T14:15:15+00:00","dateModified":"2024-09-04T06:26:07+00:00","description":"Somos el brazo ejecutor de tu proyecto. Almacena tus productos en nuestros almacenes, y nosotros personalizaremos a demanda para tus clientes","breadcrumb":{"@id":"https:\/\/sgl-europa.com\/quienes-somos#breadcrumb"},"inLanguage":"en-US","potentialAction":[{"@type":"ReadAction","target":["https:\/\/sgl-europa.com\/quienes-somos"]}]},{"@type":"BreadcrumbList","@id":"https:\/\/sgl-europa.com\/quienes-somos#breadcrumb","itemListElement":[{"@type":"ListItem","position":1,"name":"Portada","item":"https:\/\/sgl-europa.com\/"},{"@type":"ListItem","position":2,"name":"Quienes somos"}]},{"@type":"WebSite","@id":"https:\/\/sgl-europa.com\/#website","url":"https:\/\/sgl-europa.com\/","name":"SGL - Centro de distribuci\u00f3n con servicios de impresi\u00f3n profesional.","description":"SGL - Centro de distribuci\u00f3n con servicios de impresi\u00f3n profesional.","publisher":{"@id":"https:\/\/sgl-europa.com\/#organization"},"potentialAction":[{"@type":"SearchAction","target":{"@type":"EntryPoint","urlTemplate":"https:\/\/sgl-europa.com\/?s={search_term_string}"},"query-input":{"@type":"PropertyValueSpecification","valueRequired":true,"valueName":"search_term_string"}}],"inLanguage":"en-US"},{"@type":"Organization","@id":"https:\/\/sgl-europa.com\/#organization","name":"Soluciones gr\u00e1ficas y logisticas, S.L.","url":"https:\/\/sgl-europa.com\/","logo":{"@type":"ImageObject","inLanguage":"en-US","@id":"https:\/\/sgl-europa.com\/#\/schema\/logo\/image\/","url":"https:\/\/sgl-europa.com\/wp-content\/uploads\/2024\/03\/Logotipo-SGL.png","contentUrl":"https:\/\/sgl-europa.com\/wp-content\/uploads\/2024\/03\/Logotipo-SGL.png","width":595,"height":403,"caption":"Soluciones gr\u00e1ficas y logisticas, S.L."},"image":{"@id":"https:\/\/sgl-europa.com\/#\/schema\/logo\/image\/"}}]}},"_links":{"self":[{"href":"https:\/\/sgl-europa.com\/en\/wp-json\/wp\/v2\/pages\/15523","targetHints":{"allow":["GET"]}}],"collection":[{"href":"https:\/\/sgl-europa.com\/en\/wp-json\/wp\/v2\/pages"}],"about":[{"href":"https:\/\/sgl-europa.com\/en\/wp-json\/wp\/v2\/types\/page"}],"author":[{"embeddable":true,"href":"https:\/\/sgl-europa.com\/en\/wp-json\/wp\/v2\/users\/1"}],"replies":[{"embeddable":true,"href":"https:\/\/sgl-europa.com\/en\/wp-json\/wp\/v2\/comments?post=15523"}],"version-history":[{"count":4,"href":"https:\/\/sgl-europa.com\/en\/wp-json\/wp\/v2\/pages\/15523\/revisions"}],"predecessor-version":[{"id":15575,"href":"https:\/\/sgl-europa.com\/en\/wp-json\/wp\/v2\/pages\/15523\/revisions\/15575"}],"wp:attachment":[{"href":"https:\/\/sgl-europa.com\/en\/wp-json\/wp\/v2\/media?parent=15523"}],"curies":[{"name":"wp","href":"https:\/\/api.w.org\/{rel}","templated":true}]}}