{"id":15521,"date":"2024-08-20T14:03:19","date_gmt":"2024-08-20T14:03:19","guid":{"rendered":"https:\/\/sgl-europa.com\/?page_id=15521"},"modified":"2024-08-28T16:19:03","modified_gmt":"2024-08-28T16:19:03","slug":"politica-de-privacidad","status":"publish","type":"page","link":"https:\/\/sgl-europa.com\/en\/politica-de-privacidad","title":{"rendered":"Privacy Policy"},"content":{"rendered":"<div class=\"wpb-content-wrapper\"><div      class=\"vc_row wpb_row section vc_row-fluid  vc_custom_1724162594348\" style=' text-align:left;'><div class=\"full_section_inner clearfix\"><div class=\"wpb_column vc_column_container vc_col-sm-12\"><div class=\"vc_column-inner\"><div class=\"wpb_wrapper\">\n\t<div class=\"wpb_text_column wpb_content_element\">\n\t\t<div class=\"wpb_wrapper\">\n\t\t\t<p><b>PRIVACY POLICY<\/b><\/p>\n<p><span style=\"font-weight: 400;\">Following the principles of legality, loyalty and transparency, we make this Privacy Policy available to you.<\/span><\/p>\n<p><span style=\"font-weight: 400;\">Who is responsible for the processing of your data? SOLUCIONES GRAFICAS Y LOGISTICAS, SL <\/span><b>NIF: <\/b><span style=\"font-weight: 400;\">B56848054 <\/span><b>REGISTERED OFFICE: <\/b><span style=\"font-weight: 400;\">AVDA\/puente cultural 1 BIS, bajo derecha. 28702. San Sebasti\u00e1n de los Reyes.<\/span><\/p>\n<p><b>Email: <\/b><a href=\"mailto:administracion@sgl-europa.com\"><span style=\"font-weight: 400;\">mailto:administracion@sgl-europa.com<\/span><\/a><\/p>\n<p><b>For what purpose do we process your personal data?<\/b><\/p>\n<p><span style=\"font-weight: 400;\">At SOLUCIONES GRAFICAS Y LOGISTICAS, SL we process the information you provide us with in order to manage the contractual relationship that binds us, manage the sending of the information you request, provide interested parties with offers for our services and\/or products of interest.<\/span><\/p>\n<p><b>How long will we retain your personal data?<\/b><\/p>\n<p><span style=\"font-weight: 400;\">Your data will be kept for the minimum time necessary for the correct provision of the service offered as well as to meet the responsibilities that may arise from it and any other legal requirement.<\/span><\/p>\n<p><b>What is the legitimacy for the processing of your data?<\/b><\/p>\n<p><span style=\"font-weight: 400;\">The legal basis for the processing of your personal data may be the execution of a potential and\/or signed contractual relationship, legitimate interest, legal authorization and\/or the consent of the interested party. The data we request from you are adequate, pertinent and strictly necessary and you are under no obligation to provide them to us, but failure to provide them may affect the purpose of the service or the impossibility of providing it.<\/span><\/p>\n<p><b>To which recipients will your data be communicated?<\/b><\/p>\n<p><span style=\"font-weight: 400;\">SOLUCIONES GRAFICAS Y LOGISTICAS, SL will not communicate your data to any third party, unless expressly informed of this.<\/span><\/p>\n<p><b>What are your rights when you provide us with your data?<\/b><\/p>\n<p><span style=\"font-weight: 400;\">The data protection rights of the interested parties are: - Right to request access to personal data relating to the interested party. - Right to rectification or deletion. - Right to object. - Right to request limitation of processing. - Right to data portability. The holders of the personal data obtained may exercise their personal data protection rights by sending a written communication to the registered office of SOLUCIONES GRAFICAS Y LOGISTICAS, SL or to the email address provided for this purpose, administracion@sgl-europa.com, including in both cases a photocopy of your ID or other equivalent identification document. Models, forms and more information about your rights are available on the website of the national control authority, Spanish Agency for Data Protection, hereinafter, AEPD, www.aepd.es<\/span><\/p>\n<p><b>Can I withdraw consent?<\/b><\/p>\n<p><span style=\"font-weight: 400;\">You have the right and the possibility to withdraw consent for any specific purpose granted at any time, without affecting the legality of the processing based on consent prior to its withdrawal.<\/span><\/p>\n<p><b>Where can I file a complaint if I feel that my data is not being processed correctly?<\/b><\/p>\n<p><span style=\"font-weight: 400;\">If any interested party considers that their data is not being processed correctly by SOLUCIONES GRAFICAS Y LOGISTICAS, SL, they can direct their claims to the email address administracion@sgl-europa.com or to the corresponding data protection authority, the AEPD being the one indicated in the national territory, <\/span><a href=\"http:\/\/www.aepd.es\"><span style=\"font-weight: 400;\">www.aepd.es<\/span><\/a><\/p>\n<p><b>Security and updating your personal data<\/b><\/p>\n<p><span style=\"font-weight: 400;\">In order to safeguard the security of your personal data, we inform you that SOLUCIONES GRAFICAS Y LOGISTICAS, SL has adopted all the necessary technical and organisational measures to guarantee the security of the personal data supplied. All of this is to prevent its alteration, loss, and\/or unauthorised processing or access, as required by law, although absolute security does not exist. It is important that, so that we can keep your personal data up to date, you inform us whenever there is a change in it.<\/span><\/p>\n<p><b>Confidentiality<\/b><\/p>\n<p><span style=\"font-weight: 400;\">SOLUCIONES GRAFICAS Y LOGISTICAS, SL informs you that your data will be treated with the utmost care and confidentiality by all personnel involved in any of the processing phases. We will not transfer or communicate your data to any third party, except in cases provided for by law, or unless the interested party has expressly authorized us to do so.<\/span><\/p>\n\n\t\t<\/div> \n\t<\/div> <\/div><\/div><\/div><\/div><\/div>\n<\/div>","protected":false},"excerpt":{"rendered":"POL\u00cdTICA DE PRIVACIDAD Siguiendo los principios de licitud, lealtad y transparencia, ponemos a su disposici\u00f3n la presente Pol\u00edtica de Privacidad. \u00bfQui\u00e9n es el Responsable del tratamiento de sus datos? SOLUCIONES GRAFICAS Y LOGISTICAS, SL NIF: B56848054 DOMICILIO SOCIAL: AVDA\/puente cultural 1 BIS, bajo derecha. 28702....","protected":false},"author":1,"featured_media":0,"parent":0,"menu_order":0,"comment_status":"closed","ping_status":"closed","template":"","meta":{"content-type":"","footnotes":""},"class_list":["post-15521","page","type-page","status-publish","hentry"],"yoast_head":"<!-- This site is optimized with the Yoast SEO plugin v26.9 - https:\/\/yoast.com\/product\/yoast-seo-wordpress\/ -->\n<title>Pol\u00edtica de privacidad - SGL - Centro de distribuci\u00f3n con servicios de impresi\u00f3n profesional.<\/title>\n<meta name=\"robots\" content=\"index, follow, max-snippet:-1, max-image-preview:large, max-video-preview:-1\" \/>\n<link rel=\"canonical\" href=\"https:\/\/sgl-europa.com\/en\/politica-de-privacidad\/\" \/>\n<meta property=\"og:locale\" content=\"en_US\" \/>\n<meta property=\"og:type\" content=\"article\" \/>\n<meta property=\"og:title\" content=\"Pol\u00edtica de privacidad - SGL - Centro de distribuci\u00f3n con servicios de impresi\u00f3n profesional.\" \/>\n<meta property=\"og:url\" content=\"https:\/\/sgl-europa.com\/en\/politica-de-privacidad\/\" \/>\n<meta property=\"og:site_name\" content=\"SGL - Centro de distribuci\u00f3n con servicios de impresi\u00f3n profesional.\" \/>\n<meta property=\"article:modified_time\" content=\"2024-08-28T16:19:03+00:00\" \/>\n<meta name=\"twitter:card\" content=\"summary_large_image\" \/>\n<meta name=\"twitter:label1\" content=\"Est. reading time\" \/>\n\t<meta name=\"twitter:data1\" content=\"3 minutes\" \/>\n<script type=\"application\/ld+json\" class=\"yoast-schema-graph\">{\"@context\":\"https:\/\/schema.org\",\"@graph\":[{\"@type\":\"WebPage\",\"@id\":\"https:\/\/sgl-europa.com\/politica-de-privacidad\",\"url\":\"https:\/\/sgl-europa.com\/politica-de-privacidad\",\"name\":\"Pol\u00edtica de privacidad - SGL - Centro de distribuci\u00f3n con servicios de impresi\u00f3n profesional.\",\"isPartOf\":{\"@id\":\"https:\/\/sgl-europa.com\/#website\"},\"datePublished\":\"2024-08-20T14:03:19+00:00\",\"dateModified\":\"2024-08-28T16:19:03+00:00\",\"breadcrumb\":{\"@id\":\"https:\/\/sgl-europa.com\/politica-de-privacidad#breadcrumb\"},\"inLanguage\":\"en-US\",\"potentialAction\":[{\"@type\":\"ReadAction\",\"target\":[\"https:\/\/sgl-europa.com\/politica-de-privacidad\"]}]},{\"@type\":\"BreadcrumbList\",\"@id\":\"https:\/\/sgl-europa.com\/politica-de-privacidad#breadcrumb\",\"itemListElement\":[{\"@type\":\"ListItem\",\"position\":1,\"name\":\"Portada\",\"item\":\"https:\/\/sgl-europa.com\/\"},{\"@type\":\"ListItem\",\"position\":2,\"name\":\"Pol\u00edtica de privacidad\"}]},{\"@type\":\"WebSite\",\"@id\":\"https:\/\/sgl-europa.com\/#website\",\"url\":\"https:\/\/sgl-europa.com\/\",\"name\":\"SGL - Centro de distribuci\u00f3n con servicios de impresi\u00f3n profesional.\",\"description\":\"SGL - Centro de distribuci\u00f3n con servicios de impresi\u00f3n profesional.\",\"publisher\":{\"@id\":\"https:\/\/sgl-europa.com\/#organization\"},\"potentialAction\":[{\"@type\":\"SearchAction\",\"target\":{\"@type\":\"EntryPoint\",\"urlTemplate\":\"https:\/\/sgl-europa.com\/?s={search_term_string}\"},\"query-input\":{\"@type\":\"PropertyValueSpecification\",\"valueRequired\":true,\"valueName\":\"search_term_string\"}}],\"inLanguage\":\"en-US\"},{\"@type\":\"Organization\",\"@id\":\"https:\/\/sgl-europa.com\/#organization\",\"name\":\"Soluciones gr\u00e1ficas y logisticas, S.L.\",\"url\":\"https:\/\/sgl-europa.com\/\",\"logo\":{\"@type\":\"ImageObject\",\"inLanguage\":\"en-US\",\"@id\":\"https:\/\/sgl-europa.com\/#\/schema\/logo\/image\/\",\"url\":\"https:\/\/sgl-europa.com\/wp-content\/uploads\/2024\/03\/Logotipo-SGL.png\",\"contentUrl\":\"https:\/\/sgl-europa.com\/wp-content\/uploads\/2024\/03\/Logotipo-SGL.png\",\"width\":595,\"height\":403,\"caption\":\"Soluciones gr\u00e1ficas y logisticas, S.L.\"},\"image\":{\"@id\":\"https:\/\/sgl-europa.com\/#\/schema\/logo\/image\/\"}}]}<\/script>\n<!-- \/ Yoast SEO plugin. -->","yoast_head_json":{"title":"Pol\u00edtica de privacidad - SGL - Centro de distribuci\u00f3n con servicios de impresi\u00f3n profesional.","robots":{"index":"index","follow":"follow","max-snippet":"max-snippet:-1","max-image-preview":"max-image-preview:large","max-video-preview":"max-video-preview:-1"},"canonical":"https:\/\/sgl-europa.com\/en\/politica-de-privacidad\/","og_locale":"en_US","og_type":"article","og_title":"Pol\u00edtica de privacidad - SGL - Centro de distribuci\u00f3n con servicios de impresi\u00f3n profesional.","og_url":"https:\/\/sgl-europa.com\/en\/politica-de-privacidad\/","og_site_name":"SGL - Centro de distribuci\u00f3n con servicios de impresi\u00f3n profesional.","article_modified_time":"2024-08-28T16:19:03+00:00","twitter_card":"summary_large_image","twitter_misc":{"Est. reading time":"3 minutes"},"schema":{"@context":"https:\/\/schema.org","@graph":[{"@type":"WebPage","@id":"https:\/\/sgl-europa.com\/politica-de-privacidad","url":"https:\/\/sgl-europa.com\/politica-de-privacidad","name":"Pol\u00edtica de privacidad - SGL - Centro de distribuci\u00f3n con servicios de impresi\u00f3n profesional.","isPartOf":{"@id":"https:\/\/sgl-europa.com\/#website"},"datePublished":"2024-08-20T14:03:19+00:00","dateModified":"2024-08-28T16:19:03+00:00","breadcrumb":{"@id":"https:\/\/sgl-europa.com\/politica-de-privacidad#breadcrumb"},"inLanguage":"en-US","potentialAction":[{"@type":"ReadAction","target":["https:\/\/sgl-europa.com\/politica-de-privacidad"]}]},{"@type":"BreadcrumbList","@id":"https:\/\/sgl-europa.com\/politica-de-privacidad#breadcrumb","itemListElement":[{"@type":"ListItem","position":1,"name":"Portada","item":"https:\/\/sgl-europa.com\/"},{"@type":"ListItem","position":2,"name":"Pol\u00edtica de privacidad"}]},{"@type":"WebSite","@id":"https:\/\/sgl-europa.com\/#website","url":"https:\/\/sgl-europa.com\/","name":"SGL - Centro de distribuci\u00f3n con servicios de impresi\u00f3n profesional.","description":"SGL - Centro de distribuci\u00f3n con servicios de impresi\u00f3n profesional.","publisher":{"@id":"https:\/\/sgl-europa.com\/#organization"},"potentialAction":[{"@type":"SearchAction","target":{"@type":"EntryPoint","urlTemplate":"https:\/\/sgl-europa.com\/?s={search_term_string}"},"query-input":{"@type":"PropertyValueSpecification","valueRequired":true,"valueName":"search_term_string"}}],"inLanguage":"en-US"},{"@type":"Organization","@id":"https:\/\/sgl-europa.com\/#organization","name":"Soluciones gr\u00e1ficas y logisticas, S.L.","url":"https:\/\/sgl-europa.com\/","logo":{"@type":"ImageObject","inLanguage":"en-US","@id":"https:\/\/sgl-europa.com\/#\/schema\/logo\/image\/","url":"https:\/\/sgl-europa.com\/wp-content\/uploads\/2024\/03\/Logotipo-SGL.png","contentUrl":"https:\/\/sgl-europa.com\/wp-content\/uploads\/2024\/03\/Logotipo-SGL.png","width":595,"height":403,"caption":"Soluciones gr\u00e1ficas y logisticas, S.L."},"image":{"@id":"https:\/\/sgl-europa.com\/#\/schema\/logo\/image\/"}}]}},"_links":{"self":[{"href":"https:\/\/sgl-europa.com\/en\/wp-json\/wp\/v2\/pages\/15521","targetHints":{"allow":["GET"]}}],"collection":[{"href":"https:\/\/sgl-europa.com\/en\/wp-json\/wp\/v2\/pages"}],"about":[{"href":"https:\/\/sgl-europa.com\/en\/wp-json\/wp\/v2\/types\/page"}],"author":[{"embeddable":true,"href":"https:\/\/sgl-europa.com\/en\/wp-json\/wp\/v2\/users\/1"}],"replies":[{"embeddable":true,"href":"https:\/\/sgl-europa.com\/en\/wp-json\/wp\/v2\/comments?post=15521"}],"version-history":[{"count":2,"href":"https:\/\/sgl-europa.com\/en\/wp-json\/wp\/v2\/pages\/15521\/revisions"}],"predecessor-version":[{"id":15624,"href":"https:\/\/sgl-europa.com\/en\/wp-json\/wp\/v2\/pages\/15521\/revisions\/15624"}],"wp:attachment":[{"href":"https:\/\/sgl-europa.com\/en\/wp-json\/wp\/v2\/media?parent=15521"}],"curies":[{"name":"wp","href":"https:\/\/api.w.org\/{rel}","templated":true}]}}