{"id":15517,"date":"2024-08-20T13:59:13","date_gmt":"2024-08-20T13:59:13","guid":{"rendered":"https:\/\/sgl-europa.com\/?page_id=15517"},"modified":"2024-08-28T16:18:02","modified_gmt":"2024-08-28T16:18:02","slug":"aviso-legal","status":"publish","type":"page","link":"https:\/\/sgl-europa.com\/en\/aviso-legal","title":{"rendered":"Legal notice"},"content":{"rendered":"<div class=\"wpb-content-wrapper\"><div      class=\"vc_row wpb_row section vc_row-fluid  vc_custom_1724162379035 grid_section\" style=' text-align:left;'><div class=\"section_inner clearfix\"><div class='section_inner_margin clearfix'><div class=\"wpb_column vc_column_container vc_col-sm-12\"><div class=\"vc_column-inner\"><div class=\"wpb_wrapper\">\n\t<div class=\"wpb_text_column wpb_content_element\">\n\t\t<div class=\"wpb_wrapper\">\n\t\t\t<h5><b>PRESENTATION AND INFORMATION ART. 10 LSSICE<\/b><\/h5>\n<p><span style=\"font-weight: 400;\">Welcome to the website www.sgl-europa.com (hereinafter, the WEBSITE). The WEBSITE is owned by SOLUCIONES GRAFICAS Y LOGISTICAS, SL (hereinafter, SGL), with Tax ID No.: B56848054 and registered office at AVDA\/puente cultural 1 BIS, ground floor right. 28702. San Sebasti\u00e1n de los Reyes.<\/span><\/p>\n<p><span style=\"font-weight: 400;\">Access to and use of the WEBSITE is governed by this LEGAL NOTICE, so we recommend that you read it carefully.<\/span><\/p>\n<h5><b>USE OF THE WEBSITE<\/b><\/h5>\n<p><span style=\"font-weight: 400;\">Accessing and using the WEBSITE implies, on the one hand, the attribution of the status of User; and, on the other, the acceptance of this LEGAL NOTICE. This shall be understood without prejudice to other specific conditions that may be contemplated on the WEBSITE for other services, such as, for example, the purchase of products.<\/span><\/p>\n<p><span style=\"font-weight: 400;\">If the User does not agree with any of the conditions contained in this notice, he\/she must stop using the WEBSITE immediately.<\/span><\/p>\n<p><span style=\"font-weight: 400;\">The User is solely responsible for his\/her access, navigation and use of the WEBSITE. SGL requests that the User communicate, as soon as possible, any fact or circumstance of which he\/she is aware that could be suspected of violating the rights of third parties or any other anomaly that he\/she detects on the WEBSITE, by sending an email to the address <\/span><a href=\"mailto:administracion@sgl-europa.com\"><span style=\"font-weight: 400;\">mailto:administracion@sgl-europa.com<\/span><\/a><span style=\"font-weight: 400;\">.<\/span><\/p>\n<h5><b>INTELLECTUAL AND INDUSTRIAL PROPERTY RIGHTS<\/b><\/h5>\n<p><span style=\"font-weight: 400;\">SGL is the exclusive owner of the intellectual property exploitation rights (specifically, reproduction, distribution, public communication and transformation) over all elements contained in the WEBSITE that are the subject of this discipline. Specifically, by way of example but not limitation, all texts, graphics, drawings, designs, codes, software, photographic works, mere photographs, music, videos, sounds, databases and images contained in any of the pages and subpages of the WEBSITE are included within this protected content.<\/span><\/p>\n<p><span style=\"font-weight: 400;\">Likewise, the Industrial Property of the distinctive signs, designs and inventions contained in the WEBSITE that are the subject of this discipline also belongs to SGL.<\/span><\/p>\n<p><span style=\"font-weight: 400;\">SGL does not, under any circumstances, authorize the downloading or use by third parties for commercial purposes, and\/or for purposes other than strictly private and non-profit, of the assets protected by Intellectual Property and\/or Industrial Property referred to in the two preceding paragraphs, unless there is express written authorization, transfer or license by SGL for each specific case.<\/span><\/p>\n<p><span style=\"font-weight: 400;\">In no case shall it be understood that the User's access to and navigation of the WEBSITE implies a waiver, transmission, license or total or partial transfer of said Intellectual and\/or Industrial Property rights by SGL.<\/span><\/p>\n<p><span style=\"font-weight: 400;\">In the event of a contradiction or interpretative disparity between the provisions of this LEGAL NOTICE and what is stated or provided in any section of the WEBSITE, the provisions of the former shall always prevail.<\/span><\/p>\n<h5><b>PROCESSING OF PERSONAL DATA<\/b><\/h5>\n<p><span style=\"font-weight: 400;\">SGL may need to collect personal data through the WEBSITE at some point, such as through the contact process.<\/span><\/p>\n<p><span style=\"font-weight: 400;\">The collection and processing of the User's personal data will be governed by the provisions of the PRIVACY POLICY provided on the WEBSITE, which must always be expressly accepted by the User prior to providing such data. For these purposes, it is recommended that you visit the PRIVACY POLICY for further information.<\/span><\/p>\n<h5><b>DISCLAIMER<\/b><\/h5>\n<p><span style=\"font-weight: 400;\">SGL cannot guarantee the User the reliability or correct functioning of the WEBSITE, nor the absolute absence of viruses or harmful components. However, SGL declares that it has adopted all necessary measures, within its possibilities and the state of technology, to guarantee the correct and adequate functioning of the WEBSITE, and undertakes, as far as possible, to exercise normal diligence in correcting any possible errors that may occur.<\/span><\/p>\n<h5><b>THIRD PARTY LINKS<\/b><\/h5>\n<p><span style=\"font-weight: 400;\">The User may find on the WEBSITE links to other websites that are managed by third parties, for example those relating to social networks.<\/span><\/p>\n<p><span style=\"font-weight: 400;\">SGL makes these links available on the WEBSITE to offer the User a more complete browsing experience, but SGL cannot be held responsible for the content of the websites to which such links may link, as they are not managed by SGL. By accepting this LEGAL NOTICE, the User declares to be aware of this circumstance.<\/span><\/p>\n<h5><b>MODIFICATIONS<\/b><\/h5>\n<p><span style=\"font-weight: 400;\">SGL reserves the right to modify and\/or adapt the WEBSITE or this LEGAL NOTICE without prior notice at any time, for any reason it deems appropriate. Therefore, the User is advised to read these conditions each time he or she intends to use the WEBSITE, as they may have been modified.<\/span><\/p>\n<h5><b>SAFEGUARD CLAUSE<\/b><\/h5>\n<p><span style=\"font-weight: 400;\">En el caso de que cualquier disposici\u00f3n o disposiciones de estas condiciones generales fuera(n) considerada(s) nula(s) o inaplicable(s), en su totalidad o en parte, por cualquier Juzgado, Tribunal u \u00f3rgano administrativo competente, dicha nulidad o inaplicaci\u00f3n no afectar\u00e1 a las otras disposiciones de las condiciones generales ni a las eventuales condiciones particulares de los posibles diferentes servicios de SGL, en la medida en que el resto de condiciones pudieran subsistir.<\/span><\/p>\n<h5><b>JURISDICTION AND LAW<\/b><\/h5>\n<p><span style=\"font-weight: 400;\">The relationship established between SGL and the User in accordance with these conditions shall be governed by the provisions of Spanish law.<\/span><\/p>\n\n\t\t<\/div> \n\t<\/div> <\/div><\/div><\/div><\/div><\/div><\/div>\n<\/div>","protected":false},"excerpt":{"rendered":"PRESENTACI\u00d3N E INFORMACI\u00d3N ART. 10 LSSICE Bienvenido a la p\u00e1gina web www.sgl-europa.com (en adelante, el SITIO WEB). El SITIO WEB es titularidad de la empresa SOLUCIONES GRAFICAS Y LOGISTICAS, SL (en adelante, SGL), con NIF: B56848054 y domicilio social en AVDA\/puente cultural 1 BIS, bajo...","protected":false},"author":1,"featured_media":0,"parent":0,"menu_order":0,"comment_status":"closed","ping_status":"closed","template":"","meta":{"content-type":"","footnotes":""},"class_list":["post-15517","page","type-page","status-publish","hentry"],"yoast_head":"<!-- This site is optimized with the Yoast SEO plugin v26.9 - https:\/\/yoast.com\/product\/yoast-seo-wordpress\/ -->\n<title>Aviso legal - SGL - Centro de distribuci\u00f3n con servicios de impresi\u00f3n profesional.<\/title>\n<meta name=\"robots\" content=\"index, follow, max-snippet:-1, max-image-preview:large, max-video-preview:-1\" \/>\n<link rel=\"canonical\" href=\"https:\/\/sgl-europa.com\/en\/aviso-legal\/\" \/>\n<meta property=\"og:locale\" content=\"en_US\" \/>\n<meta property=\"og:type\" content=\"article\" \/>\n<meta property=\"og:title\" content=\"Aviso legal - SGL - Centro de distribuci\u00f3n con servicios de impresi\u00f3n profesional.\" \/>\n<meta property=\"og:url\" content=\"https:\/\/sgl-europa.com\/en\/aviso-legal\/\" \/>\n<meta property=\"og:site_name\" content=\"SGL - Centro de distribuci\u00f3n con servicios de impresi\u00f3n profesional.\" \/>\n<meta property=\"article:modified_time\" content=\"2024-08-28T16:18:02+00:00\" \/>\n<meta name=\"twitter:card\" content=\"summary_large_image\" \/>\n<meta name=\"twitter:label1\" content=\"Est. reading time\" \/>\n\t<meta name=\"twitter:data1\" content=\"5 minutes\" \/>\n<script type=\"application\/ld+json\" class=\"yoast-schema-graph\">{\"@context\":\"https:\/\/schema.org\",\"@graph\":[{\"@type\":\"WebPage\",\"@id\":\"https:\/\/sgl-europa.com\/aviso-legal\",\"url\":\"https:\/\/sgl-europa.com\/aviso-legal\",\"name\":\"Aviso legal - SGL - Centro de distribuci\u00f3n con servicios de impresi\u00f3n profesional.\",\"isPartOf\":{\"@id\":\"https:\/\/sgl-europa.com\/#website\"},\"datePublished\":\"2024-08-20T13:59:13+00:00\",\"dateModified\":\"2024-08-28T16:18:02+00:00\",\"breadcrumb\":{\"@id\":\"https:\/\/sgl-europa.com\/aviso-legal#breadcrumb\"},\"inLanguage\":\"en-US\",\"potentialAction\":[{\"@type\":\"ReadAction\",\"target\":[\"https:\/\/sgl-europa.com\/aviso-legal\"]}]},{\"@type\":\"BreadcrumbList\",\"@id\":\"https:\/\/sgl-europa.com\/aviso-legal#breadcrumb\",\"itemListElement\":[{\"@type\":\"ListItem\",\"position\":1,\"name\":\"Portada\",\"item\":\"https:\/\/sgl-europa.com\/\"},{\"@type\":\"ListItem\",\"position\":2,\"name\":\"Aviso legal\"}]},{\"@type\":\"WebSite\",\"@id\":\"https:\/\/sgl-europa.com\/#website\",\"url\":\"https:\/\/sgl-europa.com\/\",\"name\":\"SGL - Centro de distribuci\u00f3n con servicios de impresi\u00f3n profesional.\",\"description\":\"SGL - Centro de distribuci\u00f3n con servicios de impresi\u00f3n profesional.\",\"publisher\":{\"@id\":\"https:\/\/sgl-europa.com\/#organization\"},\"potentialAction\":[{\"@type\":\"SearchAction\",\"target\":{\"@type\":\"EntryPoint\",\"urlTemplate\":\"https:\/\/sgl-europa.com\/?s={search_term_string}\"},\"query-input\":{\"@type\":\"PropertyValueSpecification\",\"valueRequired\":true,\"valueName\":\"search_term_string\"}}],\"inLanguage\":\"en-US\"},{\"@type\":\"Organization\",\"@id\":\"https:\/\/sgl-europa.com\/#organization\",\"name\":\"Soluciones gr\u00e1ficas y logisticas, S.L.\",\"url\":\"https:\/\/sgl-europa.com\/\",\"logo\":{\"@type\":\"ImageObject\",\"inLanguage\":\"en-US\",\"@id\":\"https:\/\/sgl-europa.com\/#\/schema\/logo\/image\/\",\"url\":\"https:\/\/sgl-europa.com\/wp-content\/uploads\/2024\/03\/Logotipo-SGL.png\",\"contentUrl\":\"https:\/\/sgl-europa.com\/wp-content\/uploads\/2024\/03\/Logotipo-SGL.png\",\"width\":595,\"height\":403,\"caption\":\"Soluciones gr\u00e1ficas y logisticas, S.L.\"},\"image\":{\"@id\":\"https:\/\/sgl-europa.com\/#\/schema\/logo\/image\/\"}}]}<\/script>\n<!-- \/ Yoast SEO plugin. -->","yoast_head_json":{"title":"Aviso legal - SGL - Centro de distribuci\u00f3n con servicios de impresi\u00f3n profesional.","robots":{"index":"index","follow":"follow","max-snippet":"max-snippet:-1","max-image-preview":"max-image-preview:large","max-video-preview":"max-video-preview:-1"},"canonical":"https:\/\/sgl-europa.com\/en\/aviso-legal\/","og_locale":"en_US","og_type":"article","og_title":"Aviso legal - SGL - Centro de distribuci\u00f3n con servicios de impresi\u00f3n profesional.","og_url":"https:\/\/sgl-europa.com\/en\/aviso-legal\/","og_site_name":"SGL - Centro de distribuci\u00f3n con servicios de impresi\u00f3n profesional.","article_modified_time":"2024-08-28T16:18:02+00:00","twitter_card":"summary_large_image","twitter_misc":{"Est. reading time":"5 minutes"},"schema":{"@context":"https:\/\/schema.org","@graph":[{"@type":"WebPage","@id":"https:\/\/sgl-europa.com\/aviso-legal","url":"https:\/\/sgl-europa.com\/aviso-legal","name":"Aviso legal - SGL - Centro de distribuci\u00f3n con servicios de impresi\u00f3n profesional.","isPartOf":{"@id":"https:\/\/sgl-europa.com\/#website"},"datePublished":"2024-08-20T13:59:13+00:00","dateModified":"2024-08-28T16:18:02+00:00","breadcrumb":{"@id":"https:\/\/sgl-europa.com\/aviso-legal#breadcrumb"},"inLanguage":"en-US","potentialAction":[{"@type":"ReadAction","target":["https:\/\/sgl-europa.com\/aviso-legal"]}]},{"@type":"BreadcrumbList","@id":"https:\/\/sgl-europa.com\/aviso-legal#breadcrumb","itemListElement":[{"@type":"ListItem","position":1,"name":"Portada","item":"https:\/\/sgl-europa.com\/"},{"@type":"ListItem","position":2,"name":"Aviso legal"}]},{"@type":"WebSite","@id":"https:\/\/sgl-europa.com\/#website","url":"https:\/\/sgl-europa.com\/","name":"SGL - Centro de distribuci\u00f3n con servicios de impresi\u00f3n profesional.","description":"SGL - Centro de distribuci\u00f3n con servicios de impresi\u00f3n profesional.","publisher":{"@id":"https:\/\/sgl-europa.com\/#organization"},"potentialAction":[{"@type":"SearchAction","target":{"@type":"EntryPoint","urlTemplate":"https:\/\/sgl-europa.com\/?s={search_term_string}"},"query-input":{"@type":"PropertyValueSpecification","valueRequired":true,"valueName":"search_term_string"}}],"inLanguage":"en-US"},{"@type":"Organization","@id":"https:\/\/sgl-europa.com\/#organization","name":"Soluciones gr\u00e1ficas y logisticas, S.L.","url":"https:\/\/sgl-europa.com\/","logo":{"@type":"ImageObject","inLanguage":"en-US","@id":"https:\/\/sgl-europa.com\/#\/schema\/logo\/image\/","url":"https:\/\/sgl-europa.com\/wp-content\/uploads\/2024\/03\/Logotipo-SGL.png","contentUrl":"https:\/\/sgl-europa.com\/wp-content\/uploads\/2024\/03\/Logotipo-SGL.png","width":595,"height":403,"caption":"Soluciones gr\u00e1ficas y logisticas, S.L."},"image":{"@id":"https:\/\/sgl-europa.com\/#\/schema\/logo\/image\/"}}]}},"_links":{"self":[{"href":"https:\/\/sgl-europa.com\/en\/wp-json\/wp\/v2\/pages\/15517","targetHints":{"allow":["GET"]}}],"collection":[{"href":"https:\/\/sgl-europa.com\/en\/wp-json\/wp\/v2\/pages"}],"about":[{"href":"https:\/\/sgl-europa.com\/en\/wp-json\/wp\/v2\/types\/page"}],"author":[{"embeddable":true,"href":"https:\/\/sgl-europa.com\/en\/wp-json\/wp\/v2\/users\/1"}],"replies":[{"embeddable":true,"href":"https:\/\/sgl-europa.com\/en\/wp-json\/wp\/v2\/comments?post=15517"}],"version-history":[{"count":5,"href":"https:\/\/sgl-europa.com\/en\/wp-json\/wp\/v2\/pages\/15517\/revisions"}],"predecessor-version":[{"id":15623,"href":"https:\/\/sgl-europa.com\/en\/wp-json\/wp\/v2\/pages\/15517\/revisions\/15623"}],"wp:attachment":[{"href":"https:\/\/sgl-europa.com\/en\/wp-json\/wp\/v2\/media?parent=15517"}],"curies":[{"name":"wp","href":"https:\/\/api.w.org\/{rel}","templated":true}]}}