{"id":15368,"date":"2015-04-30T11:03:41","date_gmt":"2015-04-30T11:03:41","guid":{"rendered":"http:\/\/demo.qodeinteractive.com\/bridge81\/?page_id=15368"},"modified":"2026-02-04T15:20:29","modified_gmt":"2026-02-04T15:20:29","slug":"contacto","status":"publish","type":"page","link":"https:\/\/sgl-europa.com\/en\/contacto","title":{"rendered":"Contact"},"content":{"rendered":"<div class=\"wpb-content-wrapper\"><div      class=\"vc_row wpb_row section vc_row-fluid  grid_section\" style=' padding-top:84px; padding-bottom:30px; text-align:center;'><div class=\"section_inner clearfix\"><div class='section_inner_margin clearfix'><div class=\"wpb_column vc_column_container vc_col-sm-12\"><div class=\"vc_column-inner\"><div class=\"wpb_wrapper\">\n\t<div class=\"wpb_text_column wpb_content_element\">\n\t\t<div class=\"wpb_wrapper\">\n\t\t\t<h2>Offices in Madrid, Spain.<\/h2>\n\n\t\t<\/div> \n\t<\/div> <div class=\"separator  small center\" style=\"\"><\/div>\n<\/div><\/div><\/div><\/div><\/div><\/div><div      class=\"vc_row wpb_row section vc_row-fluid  grid_section\" style=' text-align:left;'><div class=\"section_inner clearfix\"><div class='section_inner_margin clearfix'><div class=\"wpb_column vc_column_container vc_col-sm-12\"><div class=\"vc_column-inner\"><div class=\"wpb_wrapper\">\n\t<div class=\"wpb_text_column wpb_content_element\">\n\t\t<div class=\"wpb_wrapper\">\n\t\t\t<p><iframe style=\"border: 0;\" src=\"https:\/\/www.google.com\/maps\/embed?pb=!1m18!1m12!1m3!1d3031.33360885806!2d-3.6264702877220714!3d40.55630957129834!2m3!1f0!2f0!3f0!3m2!1i1024!2i768!4f13.1!3m3!1m2!1s0xd422d2021295d63%3A0x8524f0822fb0684b!2sC.%20Lanzarote%2C%201%2C%2028703%20San%20Sebasti%C3%A1n%20de%20los%20Reyes%2C%20Madrid!5e0!3m2!1ses!2ses!4v1762186210911!5m2!1ses!2ses\" width=\"100%\" height=\"450\" allowfullscreen=\"allowfullscreen\"><\/iframe><\/p>\n\n\t\t<\/div> \n\t<\/div> <\/div><\/div><\/div><\/div><\/div><\/div><div      class=\"vc_row wpb_row section vc_row-fluid  grid_section\" style=' padding-top:80px; padding-bottom:70px; text-align:left;'><div class=\"section_inner clearfix\"><div class='section_inner_margin clearfix'><div class=\"wpb_column vc_column_container vc_col-sm-2\"><div class=\"vc_column-inner\"><div class=\"wpb_wrapper\"><\/div><\/div><\/div><div class=\"wpb_column vc_column_container vc_col-sm-8\"><div class=\"vc_column-inner\"><div class=\"wpb_wrapper\">\n\t<div class=\"wpb_text_column wpb_content_element\">\n\t\t<div class=\"wpb_wrapper\">\n\t\t\t<p>Send us the following contact form and we will contact you as soon as possible.<\/p>\n<p>O ll\u00e1manos a: <b>+34\u00a0<\/b><span style=\"color: #444444;\"><b>919 482 455 \/\u00a0<\/b><\/span><b>624 808 948<\/b><\/p>\n\n\t\t<\/div> \n\t<\/div> \n<div class=\"wpcf7 no-js\" id=\"wpcf7-f62-o1\" lang=\"es-ES\" dir=\"ltr\" data-wpcf7-id=\"62\">\n<div class=\"screen-reader-response\"><p role=\"status\" aria-live=\"polite\" aria-atomic=\"true\"><\/p> <ul><\/ul><\/div>\n<form action=\"\/en\/wp-json\/wp\/v2\/pages\/15368#wpcf7-f62-o1\" method=\"post\" class=\"wpcf7-form init cf7_custom_style_1\" aria-label=\"Formulario de contacto\" novalidate=\"novalidate\" data-status=\"init\" data-trp-original-action=\"\/en\/wp-json\/wp\/v2\/pages\/15368#wpcf7-f62-o1\">\n<fieldset class=\"hidden-fields-container\"><input type=\"hidden\" name=\"_wpcf7\" value=\"62\" \/><input type=\"hidden\" name=\"_wpcf7_version\" value=\"6.1.4\" \/><input type=\"hidden\" name=\"_wpcf7_locale\" value=\"es_ES\" \/><input type=\"hidden\" name=\"_wpcf7_unit_tag\" value=\"wpcf7-f62-o1\" \/><input type=\"hidden\" name=\"_wpcf7_container_post\" value=\"0\" \/><input type=\"hidden\" name=\"_wpcf7_posted_data_hash\" value=\"\" \/>\n<\/fieldset>\n<label> Your name\n    <span class=\"wpcf7-form-control-wrap\" data-name=\"your-name\"><input size=\"40\" maxlength=\"400\" class=\"wpcf7-form-control wpcf7-text wpcf7-validates-as-required\" autocomplete=\"name\" aria-required=\"true\" aria-invalid=\"false\" value=\"\" type=\"text\" name=\"your-name\" \/><\/span> <\/label>\n\n<label> Your email\n    <span class=\"wpcf7-form-control-wrap\" data-name=\"your-email\"><input size=\"40\" maxlength=\"400\" class=\"wpcf7-form-control wpcf7-email wpcf7-validates-as-required wpcf7-text wpcf7-validates-as-email\" autocomplete=\"email\" aria-required=\"true\" aria-invalid=\"false\" value=\"\" type=\"email\" name=\"your-email\" \/><\/span> <\/label>\n\n<label> Tel\u00e9fono de contacto\n    <span class=\"wpcf7-form-control-wrap\" data-name=\"telefono\"><input class=\"wpcf7-form-control wpcf7-number wpcf7-validates-as-number\" aria-invalid=\"false\" value=\"\" type=\"number\" name=\"telefono\" \/><\/span> <\/label>\n\n<label> What is your sector?\n    <span class=\"wpcf7-form-control-wrap\" data-name=\"your-subject\"><input size=\"40\" maxlength=\"400\" class=\"wpcf7-form-control wpcf7-text wpcf7-validates-as-required\" aria-required=\"true\" aria-invalid=\"false\" value=\"\" type=\"text\" name=\"your-subject\" \/><\/span> <\/label>\n\n<label> Tell us a little about what you need for your company.\n    <span class=\"wpcf7-form-control-wrap\" data-name=\"your-message\"><textarea cols=\"40\" rows=\"10\" maxlength=\"2000\" class=\"wpcf7-form-control wpcf7-textarea\" aria-invalid=\"false\" name=\"your-message\"><\/textarea><\/span> <\/label>\n\n<span class=\"wpcf7-form-control-wrap\" data-name=\"acceptance-494\"><span class=\"wpcf7-form-control wpcf7-acceptance optional\"><span class=\"wpcf7-list-item\"><label><input type=\"checkbox\" name=\"acceptance-494\" value=\"1\" aria-invalid=\"false\" \/><span class=\"wpcf7-list-item-label\">Acepto las pol\u00edticas de privacidad de datos.<\/span><\/label><\/span><\/span><\/span>\n<input class=\"wpcf7-form-control wpcf7-submit has-spinner\" type=\"submit\" value=\"Send\" \/>\n\n\n<div class=\"cf7-cf-turnstile\" style=\"margin-top: 0px; margin-bottom: -15px;\"> <div id=\"cf-turnstile-cf7-294505975\" class=\"cf-turnstile\" data-sitekey=\"0x4AAAAAAAhrf9h8Gcru4FZq\" data-theme=\"light\" data-language=\"auto\" data-size=\"\" data-retry=\"auto\" data-retry-interval=\"1000\" data-refresh-expired=\"auto\" data-action=\"contact-form-7\" data-appearance=\"always\"><\/div> <script>document.addEventListener(\"DOMContentLoaded\", function() { setTimeout(function(){ var e=document.getElementById(\"cf-turnstile-cf7-294505975\"); e&&!e.innerHTML.trim()&&(turnstile.remove(\"#cf-turnstile-cf7-294505975\"), turnstile.render(\"#cf-turnstile-cf7-294505975\", {sitekey:\"0x4AAAAAAAhrf9h8Gcru4FZq\"})); }, 100); });<\/script> <br class=\"cf-turnstile-br cf-turnstile-br-cf7-294505975\"> <style>#cf-turnstile-cf7-294505975 { margin-left: -15px; }<\/style> <script>document.addEventListener(\"DOMContentLoaded\",function(){document.querySelectorAll('.wpcf7-form').forEach(function(e){e.addEventListener('submit',function(){if(document.getElementById('cf-turnstile-cf7-294505975')){setTimeout(function(){turnstile.reset('#cf-turnstile-cf7-294505975');},1000)}})})});<\/script> <\/div><div class=\"wpcf7-response-output\" aria-hidden=\"true\"><\/div>\n<input type=\"hidden\" name=\"trp-form-language\" value=\"en\"\/><\/form>\n<\/div>\n<\/div><\/div><\/div><div class=\"wpb_column vc_column_container vc_col-sm-2\"><div class=\"vc_column-inner\"><div class=\"wpb_wrapper\"><\/div><\/div><\/div><\/div><\/div><\/div><div      class=\"vc_row wpb_row section vc_row-fluid\" style='background-color:#354256; text-align:left;'><div class=\"full_section_inner clearfix\"><div class=\"wpb_column vc_column_container vc_col-sm-12\"><div class=\"vc_column-inner\"><div class=\"wpb_wrapper\"><div      class=\"vc_row wpb_row section vc_row-fluid vc_inner  grid_section\" style=' text-align:left;'><div class=\"section_inner clearfix\"><div class='section_inner_margin clearfix'><div class=\"wpb_column vc_column_container vc_col-sm-3\"><div class=\"vc_column-inner\"><div class=\"wpb_wrapper\">\n\t<div class=\"wpb_single_image wpb_content_element vc_align_left\">\n\t\t<div class=\"wpb_wrapper\">\n\t\t\t\n\t\t\t<div class=\"vc_single_image-wrapper   vc_box_border_grey\"><img fetchpriority=\"high\" decoding=\"async\" width=\"500\" height=\"211\" src=\"https:\/\/sgl-europa.com\/wp-content\/uploads\/2024\/08\/logo-sgl-europa.png\" class=\"vc_single_image-img attachment-full\" alt=\"\" title=\"logo-sgl-europa\" srcset=\"https:\/\/sgl-europa.com\/wp-content\/uploads\/2024\/08\/logo-sgl-europa.png 500w, https:\/\/sgl-europa.com\/wp-content\/uploads\/2024\/08\/logo-sgl-europa-300x127.png 300w\" sizes=\"(max-width: 500px) 100vw, 500px\" \/><\/div>\n\t\t<\/div>\n\t<\/div>\n<\/div><\/div><\/div><div class=\"wpb_column vc_column_container vc_col-sm-9\"><div class=\"vc_column-inner\"><div class=\"wpb_wrapper\"><div class=\"separator  transparent\" style=\"margin-top: 38px;margin-bottom: 0px;\"><\/div>\n\n\t<div class=\"wpb_text_column wpb_content_element\">\n\t\t<div class=\"wpb_wrapper\">\n\t\t\t<div class=\"wpb_column vc_column_container vc_col-sm-5\">\n<div class=\"vc_column-inner\">\n<div class=\"wpb_wrapper\">\n<div class=\"wpb_text_column wpb_content_element\">\n<div class=\"wpb_wrapper\">\n<p><span style=\"color: #ffffff;\">We are the solution for your company.<\/span><\/p>\n<\/div>\n<\/div>\n<\/div>\n<\/div>\n<\/div>\n<div class=\"wpb_column vc_column_container vc_col-sm-4\">\n<div class=\"vc_column-inner\">\n<div class=\"wpb_wrapper\"><\/div>\n<\/div>\n<\/div>\n\n\t\t<\/div> \n\t<\/div> <\/div><\/div><\/div><\/div><\/div><\/div><\/div><\/div><\/div><\/div><\/div>\n<\/div>","protected":false},"excerpt":{"rendered":"Oficinas en Madrid, Espa\u00f1a. Env\u00edanos el siguiente formulario de contacto y le contactaremos a la mayor brevedad posible. O ll\u00e1manos a: +34\u00a0919 482 455 \/\u00a0624 808 948 Tu nombre Tu correo electr\u00f3nico Tel\u00e9fono de contacto \u00bfCual es tu sector? Cu\u00e9ntanos un poco sobre lo que...","protected":false},"author":1,"featured_media":0,"parent":0,"menu_order":0,"comment_status":"open","ping_status":"open","template":"full_width.php","meta":{"content-type":"","footnotes":""},"class_list":["post-15368","page","type-page","status-publish","hentry"],"yoast_head":"<!-- This site is optimized with the Yoast SEO plugin v26.9 - https:\/\/yoast.com\/product\/yoast-seo-wordpress\/ -->\n<title>Contacto - SGL - Centro de distribuci\u00f3n con servicios de impresi\u00f3n profesional.<\/title>\n<meta name=\"description\" content=\"Cont\u00e1ctenos y con gusto evaluaremos tu proyecto y le daremos una soluci\u00f3n a medida. Nos adaptamos a su producto.\" \/>\n<meta name=\"robots\" content=\"index, follow, max-snippet:-1, max-image-preview:large, max-video-preview:-1\" \/>\n<link rel=\"canonical\" href=\"https:\/\/sgl-europa.com\/en\/contacto\/\" \/>\n<meta property=\"og:locale\" content=\"en_US\" \/>\n<meta property=\"og:type\" content=\"article\" \/>\n<meta property=\"og:title\" content=\"Contacto - SGL - Centro de distribuci\u00f3n con servicios de impresi\u00f3n profesional.\" \/>\n<meta property=\"og:description\" content=\"Cont\u00e1ctenos y con gusto evaluaremos tu proyecto y le daremos una soluci\u00f3n a medida. Nos adaptamos a su producto.\" \/>\n<meta property=\"og:url\" content=\"https:\/\/sgl-europa.com\/en\/contacto\/\" \/>\n<meta property=\"og:site_name\" content=\"SGL - Centro de distribuci\u00f3n con servicios de impresi\u00f3n profesional.\" \/>\n<meta property=\"article:modified_time\" content=\"2026-02-04T15:20:29+00:00\" \/>\n<meta name=\"twitter:card\" content=\"summary_large_image\" \/>\n<meta name=\"twitter:label1\" content=\"Est. reading time\" \/>\n\t<meta name=\"twitter:data1\" content=\"1 minute\" \/>\n<script type=\"application\/ld+json\" class=\"yoast-schema-graph\">{\"@context\":\"https:\/\/schema.org\",\"@graph\":[{\"@type\":\"WebPage\",\"@id\":\"https:\/\/sgl-europa.com\/contacto\",\"url\":\"https:\/\/sgl-europa.com\/contacto\",\"name\":\"Contacto - SGL - Centro de distribuci\u00f3n con servicios de impresi\u00f3n profesional.\",\"isPartOf\":{\"@id\":\"https:\/\/sgl-europa.com\/#website\"},\"datePublished\":\"2015-04-30T11:03:41+00:00\",\"dateModified\":\"2026-02-04T15:20:29+00:00\",\"description\":\"Cont\u00e1ctenos y con gusto evaluaremos tu proyecto y le daremos una soluci\u00f3n a medida. Nos adaptamos a su producto.\",\"breadcrumb\":{\"@id\":\"https:\/\/sgl-europa.com\/contacto#breadcrumb\"},\"inLanguage\":\"en-US\",\"potentialAction\":[{\"@type\":\"ReadAction\",\"target\":[\"https:\/\/sgl-europa.com\/contacto\"]}]},{\"@type\":\"BreadcrumbList\",\"@id\":\"https:\/\/sgl-europa.com\/contacto#breadcrumb\",\"itemListElement\":[{\"@type\":\"ListItem\",\"position\":1,\"name\":\"Portada\",\"item\":\"https:\/\/sgl-europa.com\/\"},{\"@type\":\"ListItem\",\"position\":2,\"name\":\"Contacto\"}]},{\"@type\":\"WebSite\",\"@id\":\"https:\/\/sgl-europa.com\/#website\",\"url\":\"https:\/\/sgl-europa.com\/\",\"name\":\"SGL - Centro de distribuci\u00f3n con servicios de impresi\u00f3n profesional.\",\"description\":\"SGL - Centro de distribuci\u00f3n con servicios de impresi\u00f3n profesional.\",\"publisher\":{\"@id\":\"https:\/\/sgl-europa.com\/#organization\"},\"potentialAction\":[{\"@type\":\"SearchAction\",\"target\":{\"@type\":\"EntryPoint\",\"urlTemplate\":\"https:\/\/sgl-europa.com\/?s={search_term_string}\"},\"query-input\":{\"@type\":\"PropertyValueSpecification\",\"valueRequired\":true,\"valueName\":\"search_term_string\"}}],\"inLanguage\":\"en-US\"},{\"@type\":\"Organization\",\"@id\":\"https:\/\/sgl-europa.com\/#organization\",\"name\":\"Soluciones gr\u00e1ficas y logisticas, S.L.\",\"url\":\"https:\/\/sgl-europa.com\/\",\"logo\":{\"@type\":\"ImageObject\",\"inLanguage\":\"en-US\",\"@id\":\"https:\/\/sgl-europa.com\/#\/schema\/logo\/image\/\",\"url\":\"https:\/\/sgl-europa.com\/wp-content\/uploads\/2024\/03\/Logotipo-SGL.png\",\"contentUrl\":\"https:\/\/sgl-europa.com\/wp-content\/uploads\/2024\/03\/Logotipo-SGL.png\",\"width\":595,\"height\":403,\"caption\":\"Soluciones gr\u00e1ficas y logisticas, S.L.\"},\"image\":{\"@id\":\"https:\/\/sgl-europa.com\/#\/schema\/logo\/image\/\"}}]}<\/script>\n<!-- \/ Yoast SEO plugin. -->","yoast_head_json":{"title":"Contacto - SGL - Centro de distribuci\u00f3n con servicios de impresi\u00f3n profesional.","description":"Cont\u00e1ctenos y con gusto evaluaremos tu proyecto y le daremos una soluci\u00f3n a medida. Nos adaptamos a su producto.","robots":{"index":"index","follow":"follow","max-snippet":"max-snippet:-1","max-image-preview":"max-image-preview:large","max-video-preview":"max-video-preview:-1"},"canonical":"https:\/\/sgl-europa.com\/en\/contacto\/","og_locale":"en_US","og_type":"article","og_title":"Contacto - SGL - Centro de distribuci\u00f3n con servicios de impresi\u00f3n profesional.","og_description":"Cont\u00e1ctenos y con gusto evaluaremos tu proyecto y le daremos una soluci\u00f3n a medida. Nos adaptamos a su producto.","og_url":"https:\/\/sgl-europa.com\/en\/contacto\/","og_site_name":"SGL - Centro de distribuci\u00f3n con servicios de impresi\u00f3n profesional.","article_modified_time":"2026-02-04T15:20:29+00:00","twitter_card":"summary_large_image","twitter_misc":{"Est. reading time":"1 minute"},"schema":{"@context":"https:\/\/schema.org","@graph":[{"@type":"WebPage","@id":"https:\/\/sgl-europa.com\/contacto","url":"https:\/\/sgl-europa.com\/contacto","name":"Contacto - SGL - Centro de distribuci\u00f3n con servicios de impresi\u00f3n profesional.","isPartOf":{"@id":"https:\/\/sgl-europa.com\/#website"},"datePublished":"2015-04-30T11:03:41+00:00","dateModified":"2026-02-04T15:20:29+00:00","description":"Cont\u00e1ctenos y con gusto evaluaremos tu proyecto y le daremos una soluci\u00f3n a medida. Nos adaptamos a su producto.","breadcrumb":{"@id":"https:\/\/sgl-europa.com\/contacto#breadcrumb"},"inLanguage":"en-US","potentialAction":[{"@type":"ReadAction","target":["https:\/\/sgl-europa.com\/contacto"]}]},{"@type":"BreadcrumbList","@id":"https:\/\/sgl-europa.com\/contacto#breadcrumb","itemListElement":[{"@type":"ListItem","position":1,"name":"Portada","item":"https:\/\/sgl-europa.com\/"},{"@type":"ListItem","position":2,"name":"Contacto"}]},{"@type":"WebSite","@id":"https:\/\/sgl-europa.com\/#website","url":"https:\/\/sgl-europa.com\/","name":"SGL - Centro de distribuci\u00f3n con servicios de impresi\u00f3n profesional.","description":"SGL - Centro de distribuci\u00f3n con servicios de impresi\u00f3n profesional.","publisher":{"@id":"https:\/\/sgl-europa.com\/#organization"},"potentialAction":[{"@type":"SearchAction","target":{"@type":"EntryPoint","urlTemplate":"https:\/\/sgl-europa.com\/?s={search_term_string}"},"query-input":{"@type":"PropertyValueSpecification","valueRequired":true,"valueName":"search_term_string"}}],"inLanguage":"en-US"},{"@type":"Organization","@id":"https:\/\/sgl-europa.com\/#organization","name":"Soluciones gr\u00e1ficas y logisticas, S.L.","url":"https:\/\/sgl-europa.com\/","logo":{"@type":"ImageObject","inLanguage":"en-US","@id":"https:\/\/sgl-europa.com\/#\/schema\/logo\/image\/","url":"https:\/\/sgl-europa.com\/wp-content\/uploads\/2024\/03\/Logotipo-SGL.png","contentUrl":"https:\/\/sgl-europa.com\/wp-content\/uploads\/2024\/03\/Logotipo-SGL.png","width":595,"height":403,"caption":"Soluciones gr\u00e1ficas y logisticas, S.L."},"image":{"@id":"https:\/\/sgl-europa.com\/#\/schema\/logo\/image\/"}}]}},"_links":{"self":[{"href":"https:\/\/sgl-europa.com\/en\/wp-json\/wp\/v2\/pages\/15368","targetHints":{"allow":["GET"]}}],"collection":[{"href":"https:\/\/sgl-europa.com\/en\/wp-json\/wp\/v2\/pages"}],"about":[{"href":"https:\/\/sgl-europa.com\/en\/wp-json\/wp\/v2\/types\/page"}],"author":[{"embeddable":true,"href":"https:\/\/sgl-europa.com\/en\/wp-json\/wp\/v2\/users\/1"}],"replies":[{"embeddable":true,"href":"https:\/\/sgl-europa.com\/en\/wp-json\/wp\/v2\/comments?post=15368"}],"version-history":[{"count":9,"href":"https:\/\/sgl-europa.com\/en\/wp-json\/wp\/v2\/pages\/15368\/revisions"}],"predecessor-version":[{"id":15647,"href":"https:\/\/sgl-europa.com\/en\/wp-json\/wp\/v2\/pages\/15368\/revisions\/15647"}],"wp:attachment":[{"href":"https:\/\/sgl-europa.com\/en\/wp-json\/wp\/v2\/media?parent=15368"}],"curies":[{"name":"wp","href":"https:\/\/api.w.org\/{rel}","templated":true}]}}