{"id":14869,"date":"2014-05-20T07:51:11","date_gmt":"2014-05-20T07:51:11","guid":{"rendered":"http:\/\/demo.qodeinteractive.com\/bridge81\/?page_id=14869"},"modified":"2024-08-28T16:32:41","modified_gmt":"2024-08-28T16:32:41","slug":"home","status":"publish","type":"page","link":"https:\/\/sgl-europa.com\/en\/","title":{"rendered":"Home"},"content":{"rendered":"<div class=\"wpb-content-wrapper\"><div      class=\"vc_row wpb_row section vc_row-fluid  grid_section\" style=' padding-top:84px; padding-bottom:30px; text-align:center;'><div class=\"section_inner clearfix\"><div class='section_inner_margin clearfix'><div class=\"wpb_column vc_column_container vc_col-sm-12\"><div class=\"vc_column-inner\"><div class=\"wpb_wrapper\">\n\t<div class=\"wpb_text_column wpb_content_element\">\n\t\t<div class=\"wpb_wrapper\">\n\t\t\t<h2>Services designed to adapt to your business model.<\/h2>\n\n\t\t<\/div> \n\t<\/div> <div class=\"separator  small center\" style=\"\"><\/div>\n<\/div><\/div><\/div><\/div><\/div><\/div><div      class=\"vc_row wpb_row section vc_row-fluid  grid_section\" style=' padding-bottom:56px; text-align:center;'><div class=\"section_inner clearfix\"><div class='section_inner_margin clearfix'><div class=\"wpb_column vc_column_container vc_col-sm-3\"><div class=\"vc_column-inner\"><div class=\"wpb_wrapper\">\n\t<div class=\"wpb_single_image wpb_content_element vc_align_center  element_from_fade\"><div style=\"-webkit-animation-delay:0.2s; animation-delay:0.2s; -webkit-transition-delay:0.2s; transition-delay:0.2s\">\n\t\t<div class=\"wpb_wrapper\">\n\t\t\t\n\t\t\t<div class=\"vc_single_image-wrapper   vc_box_border_grey\"><img decoding=\"async\" width=\"212\" height=\"212\" src=\"https:\/\/sgl-europa.com\/wp-content\/uploads\/2024\/08\/almacenamiento-icono.png\" class=\"vc_single_image-img attachment-full\" alt=\"\" title=\"almacenamiento-icono\" srcset=\"https:\/\/sgl-europa.com\/wp-content\/uploads\/2024\/08\/almacenamiento-icono.png 212w, https:\/\/sgl-europa.com\/wp-content\/uploads\/2024\/08\/almacenamiento-icono-150x150.png 150w\" sizes=\"(max-width: 212px) 100vw, 212px\" \/><\/div>\n\t\t<\/div><\/div>\n\t<\/div>\n<div class=\"separator  transparent\" style=\"margin-top: 39px;margin-bottom: 0px;\"><\/div>\n\n\t<div class=\"wpb_text_column wpb_content_element\">\n\t\t<div class=\"wpb_wrapper\">\n\t\t\t<h3>Storage<\/h3>\n\n\t\t<\/div> \n\t<\/div> <div class=\"separator  transparent\" style=\"margin-top: 17px;margin-bottom: 0px;\"><\/div>\n\n\t<div class=\"wpb_text_column wpb_content_element\">\n\t\t<div class=\"wpb_wrapper\">\n\t\t\t<p>We store your stock in our warehouses.<\/p>\n\n\t\t<\/div> \n\t<\/div> <div class=\"separator  transparent\" style=\"margin-top: 30px;margin-bottom: 0px;\"><\/div>\n<\/div><\/div><\/div><div class=\"wpb_column vc_column_container vc_col-sm-3\"><div class=\"vc_column-inner\"><div class=\"wpb_wrapper\">\n\t<div class=\"wpb_single_image wpb_content_element vc_align_center  element_from_fade\"><div style=\"-webkit-animation-delay:0.3s; animation-delay:0.3s; -webkit-transition-delay:0.3s; transition-delay:0.3s\">\n\t\t<div class=\"wpb_wrapper\">\n\t\t\t\n\t\t\t<div class=\"vc_single_image-wrapper   vc_box_border_grey\"><img decoding=\"async\" width=\"212\" height=\"212\" src=\"https:\/\/sgl-europa.com\/wp-content\/uploads\/2024\/08\/gestion-de-pedidos-online.png\" class=\"vc_single_image-img attachment-full\" alt=\"\" title=\"gestion-de-pedidos-online\" srcset=\"https:\/\/sgl-europa.com\/wp-content\/uploads\/2024\/08\/gestion-de-pedidos-online.png 212w, https:\/\/sgl-europa.com\/wp-content\/uploads\/2024\/08\/gestion-de-pedidos-online-150x150.png 150w\" sizes=\"(max-width: 212px) 100vw, 212px\" \/><\/div>\n\t\t<\/div><\/div>\n\t<\/div>\n<div class=\"separator  transparent\" style=\"margin-top: 39px;margin-bottom: 0px;\"><\/div>\n\n\t<div class=\"wpb_text_column wpb_content_element\">\n\t\t<div class=\"wpb_wrapper\">\n\t\t\t<h3><strong>Order management<\/strong><\/h3>\n\n\t\t<\/div> \n\t<\/div> <div class=\"separator  transparent\" style=\"margin-top: 17px;margin-bottom: 0px;\"><\/div>\n\n\t<div class=\"wpb_text_column wpb_content_element\">\n\t\t<div class=\"wpb_wrapper\">\n\t\t\t<p>We access your store and manage all orders.<\/p>\n\n\t\t<\/div> \n\t<\/div> <div class=\"separator  transparent\" style=\"margin-top: 30px;margin-bottom: 0px;\"><\/div>\n<\/div><\/div><\/div><div class=\"wpb_column vc_column_container vc_col-sm-3\"><div class=\"vc_column-inner\"><div class=\"wpb_wrapper\">\n\t<div class=\"wpb_single_image wpb_content_element vc_align_center  element_from_fade\"><div style=\"-webkit-animation-delay:0.4s; animation-delay:0.4s; -webkit-transition-delay:0.4s; transition-delay:0.4s\">\n\t\t<div class=\"wpb_wrapper\">\n\t\t\t\n\t\t\t<div class=\"vc_single_image-wrapper   vc_box_border_grey\"><img decoding=\"async\" width=\"212\" height=\"212\" src=\"https:\/\/sgl-europa.com\/wp-content\/uploads\/2024\/08\/seguimiento-de-pedidos.png\" class=\"vc_single_image-img attachment-full\" alt=\"\" title=\"seguimiento-de-pedidos\" srcset=\"https:\/\/sgl-europa.com\/wp-content\/uploads\/2024\/08\/seguimiento-de-pedidos.png 212w, https:\/\/sgl-europa.com\/wp-content\/uploads\/2024\/08\/seguimiento-de-pedidos-150x150.png 150w\" sizes=\"(max-width: 212px) 100vw, 212px\" \/><\/div>\n\t\t<\/div><\/div>\n\t<\/div>\n<div class=\"separator  transparent\" style=\"margin-top: 39px;margin-bottom: 0px;\"><\/div>\n\n\t<div class=\"wpb_text_column wpb_content_element\">\n\t\t<div class=\"wpb_wrapper\">\n\t\t\t<h3>Tracking Printed Orders<\/h3>\n\n\t\t<\/div> \n\t<\/div> <div class=\"separator  transparent\" style=\"margin-top: 17px;margin-bottom: 0px;\"><\/div>\n\n\t<div class=\"wpb_text_column wpb_content_element\">\n\t\t<div class=\"wpb_wrapper\">\n\t\t\t<p>Have real-time information on the status of your orders.<\/p>\n\n\t\t<\/div> \n\t<\/div> <div class=\"separator  transparent\" style=\"margin-top: 30px;margin-bottom: 0px;\"><\/div>\n<\/div><\/div><\/div><div class=\"wpb_column vc_column_container vc_col-sm-3\"><div class=\"vc_column-inner\"><div class=\"wpb_wrapper\">\n\t<div class=\"wpb_single_image wpb_content_element vc_align_center  element_from_fade\"><div style=\"-webkit-animation-delay:0.5s; animation-delay:0.5s; -webkit-transition-delay:0.5s; transition-delay:0.5s\">\n\t\t<div class=\"wpb_wrapper\">\n\t\t\t\n\t\t\t<div class=\"vc_single_image-wrapper   vc_box_border_grey\"><img loading=\"lazy\" decoding=\"async\" width=\"212\" height=\"212\" src=\"https:\/\/sgl-europa.com\/wp-content\/uploads\/2024\/08\/impresion-textil.png\" class=\"vc_single_image-img attachment-full\" alt=\"\" title=\"impresion-textil\" srcset=\"https:\/\/sgl-europa.com\/wp-content\/uploads\/2024\/08\/impresion-textil.png 212w, https:\/\/sgl-europa.com\/wp-content\/uploads\/2024\/08\/impresion-textil-150x150.png 150w\" sizes=\"(max-width: 212px) 100vw, 212px\" \/><\/div>\n\t\t<\/div><\/div>\n\t<\/div>\n<div class=\"separator  transparent\" style=\"margin-top: 39px;margin-bottom: 0px;\"><\/div>\n\n\t<div class=\"wpb_text_column wpb_content_element\">\n\t\t<div class=\"wpb_wrapper\">\n\t\t\t<h3>Personalization experts.<\/h3>\n\n\t\t<\/div> \n\t<\/div> <div class=\"separator  transparent\" style=\"margin-top: 17px;margin-bottom: 0px;\"><\/div>\n\n\t<div class=\"wpb_text_column wpb_content_element\">\n\t\t<div class=\"wpb_wrapper\">\n\t\t\t<p>We customize any type of object or textile at low and high demand.<\/p>\n\n\t\t<\/div> \n\t<\/div> <div class=\"separator  transparent\" style=\"margin-top: 30px;margin-bottom: 0px;\"><\/div>\n<\/div><\/div><\/div><\/div><\/div><\/div><div      class=\"vc_row wpb_row section vc_row-fluid  grid_section\" style='background-color:#f7f8f9; padding-top:95px; padding-bottom:71px; text-align:left;'><div class=\"section_inner clearfix\"><div class='section_inner_margin clearfix'><div class=\"wpb_column vc_column_container vc_col-sm-6\"><div class=\"vc_column-inner\"><div class=\"wpb_wrapper\"><div class=\"separator  transparent\" style=\"margin-top: 13px;margin-bottom: 0px;\"><\/div>\n\n\t<div class=\"wpb_text_column wpb_content_element\">\n\t\t<div class=\"wpb_wrapper\">\n\t\t\t<h2>Benefits of using our services<\/h2>\n\n\t\t<\/div> \n\t<\/div> <div class=\"separator  transparent\" style=\"margin-top: 56px;margin-bottom: 0px;\"><\/div>\n<div class='q_list circle'><\/p>\n<ul>\n<li><span style=\"color: #a0a2a6;\">Reduce your operating costs. You do not need to rent warehouses, hire personnel, among others.<\/span><\/li>\n<li class=\"translation-block\"><span style=\"color: #a0a2a6\">Dedicat<\/span><span style=\"color: #a0a2a6\">e your time to increasing your sales, we will take care of the rest.<\/li>\n<li><span style=\"color: #a0a2a6;\">There are no limits to your growth, we will always be increasing our capabilities.<\/span><\/li>\n<\/ul>\n<p><\/div><div class=\"separator  transparent\" style=\"margin-top: 30px;margin-bottom: 0px;\"><\/div>\n<\/div><\/div><\/div><div class=\"wpb_column vc_column_container vc_col-sm-6\"><div class=\"vc_column-inner\"><div class=\"wpb_wrapper\">\n\t<div class=\"wpb_single_image wpb_content_element vc_align_center  element_from_fade\"><div style=\"-webkit-animation-delay:0.3s; animation-delay:0.3s; -webkit-transition-delay:0.3s; transition-delay:0.3s\">\n\t\t<div class=\"wpb_wrapper\">\n\t\t\t\n\t\t\t<div class=\"vc_single_image-wrapper   vc_box_border_grey\"><img loading=\"lazy\" decoding=\"async\" width=\"566\" height=\"327\" src=\"https:\/\/sgl-europa.com\/wp-content\/uploads\/2015\/04\/map.png\" class=\"vc_single_image-img attachment-full\" alt=\"m\" title=\"map\" srcset=\"https:\/\/sgl-europa.com\/wp-content\/uploads\/2015\/04\/map.png 566w, https:\/\/sgl-europa.com\/wp-content\/uploads\/2015\/04\/map-300x173.png 300w, https:\/\/sgl-europa.com\/wp-content\/uploads\/2015\/04\/map-345x198.png 345w\" sizes=\"(max-width: 566px) 100vw, 566px\" \/><\/div>\n\t\t<\/div><\/div>\n\t<\/div>\n<\/div><\/div><\/div><\/div><\/div><\/div><div      class=\"vc_row wpb_row section vc_row-fluid  grid_section\" style=' padding-top:84px; padding-bottom:30px; text-align:center;'><div class=\"section_inner clearfix\"><div class='section_inner_margin clearfix'><div class=\"wpb_column vc_column_container vc_col-sm-12\"><div class=\"vc_column-inner\"><div class=\"wpb_wrapper\">\n\t<div class=\"wpb_text_column wpb_content_element\">\n\t\t<div class=\"wpb_wrapper\">\n\t\t\t<h2>We are your best ally.<\/h2>\n\n\t\t<\/div> \n\t<\/div> <div class=\"separator  small center\" style=\"\"><\/div>\n\n\t<div class=\"wpb_text_column wpb_content_element\">\n\t\t<div class=\"wpb_wrapper\">\n\t\t\t<p>SGL members come from the online personalized goods sector and have extensive experience in this field. This allows us to clearly understand the various needs that may arise in different market segments.<\/p>\n\n\t\t<\/div> \n\t<\/div> <\/div><\/div><\/div><\/div><\/div><\/div><div      class=\"vc_row wpb_row section vc_row-fluid  grid_section\" style='background-image:url(https:\/\/sgl-europa.com\/wp-content\/uploads\/2015\/04\/map-background.jpg); padding-top:77px; padding-bottom:71px; text-align:center;'><div class=\"section_inner clearfix\"><div class='section_inner_margin clearfix'><div class=\"wpb_column vc_column_container vc_col-sm-12\"><div class=\"vc_column-inner\"><div class=\"wpb_wrapper\">\n\t<div class=\"wpb_text_column wpb_content_element\">\n\t\t<div class=\"wpb_wrapper\">\n\t\t\t<h2>Do not have limits, online media opens the doors to the world.<\/h2>\n\n\t\t<\/div> \n\t<\/div> <div class=\"separator  small center\" style=\"\"><\/div>\n<\/div><\/div><\/div><\/div><\/div><\/div><div      class=\"vc_row wpb_row section vc_row-fluid  grid_section\" style='background-color:#ffffff; padding-top:77px; padding-bottom:71px; text-align:center;'><div class=\"section_inner clearfix\"><div class='section_inner_margin clearfix'><div class=\"wpb_column vc_column_container vc_col-sm-12\"><div class=\"vc_column-inner\"><div class=\"wpb_wrapper\">\n\t<div class=\"wpb_text_column wpb_content_element\">\n\t\t<div class=\"wpb_wrapper\">\n\t\t\t<p style=\"text-align: center;\"><img loading=\"lazy\" decoding=\"async\" class=\"alignnone size-medium wp-image-15625\" src=\"https:\/\/sgl-europa.com\/wp-content\/uploads\/2024\/08\/AIMFAP-retina-300x98.png\" alt=\"\" width=\"300\" height=\"98\" srcset=\"https:\/\/sgl-europa.com\/wp-content\/uploads\/2024\/08\/AIMFAP-retina-300x98.png 300w, https:\/\/sgl-europa.com\/wp-content\/uploads\/2024\/08\/AIMFAP-retina-18x6.png 18w, https:\/\/sgl-europa.com\/wp-content\/uploads\/2024\/08\/AIMFAP-retina.png 600w\" sizes=\"(max-width: 300px) 100vw, 300px\" \/><\/p>\n<p style=\"text-align: center;\"><strong>We are members of the Association of Importers, Wholesalers, Manufacturers of Promotional Items of Spain<\/strong><\/p>\n\n\t\t<\/div> \n\t<\/div> <div class=\"separator  small center\" style=\"\"><\/div>\n<\/div><\/div><\/div><\/div><\/div><\/div><div      class=\"vc_row wpb_row section vc_row-fluid\" style='background-color:#354256; text-align:left;'><div class=\"full_section_inner clearfix\"><div class=\"wpb_column vc_column_container vc_col-sm-12\"><div class=\"vc_column-inner\"><div class=\"wpb_wrapper\"><div      class=\"vc_row wpb_row section vc_row-fluid vc_inner  grid_section\" style=' text-align:left;'><div class=\"section_inner clearfix\"><div class='section_inner_margin clearfix'><div class=\"wpb_column vc_column_container vc_col-sm-3\"><div class=\"vc_column-inner\"><div class=\"wpb_wrapper\">\n\t<div class=\"wpb_single_image wpb_content_element vc_align_left\">\n\t\t<div class=\"wpb_wrapper\">\n\t\t\t\n\t\t\t<div class=\"vc_single_image-wrapper   vc_box_border_grey\"><img loading=\"lazy\" decoding=\"async\" width=\"500\" height=\"211\" src=\"https:\/\/sgl-europa.com\/wp-content\/uploads\/2024\/08\/logo-sgl-europa.png\" class=\"vc_single_image-img attachment-full\" alt=\"\" title=\"logo-sgl-europa\" srcset=\"https:\/\/sgl-europa.com\/wp-content\/uploads\/2024\/08\/logo-sgl-europa.png 500w, https:\/\/sgl-europa.com\/wp-content\/uploads\/2024\/08\/logo-sgl-europa-300x127.png 300w\" sizes=\"(max-width: 500px) 100vw, 500px\" \/><\/div>\n\t\t<\/div>\n\t<\/div>\n<\/div><\/div><\/div><div class=\"wpb_column vc_column_container vc_col-sm-9\"><div class=\"vc_column-inner\"><div class=\"wpb_wrapper\"><div class=\"separator  transparent\" style=\"margin-top: 38px;margin-bottom: 0px;\"><\/div>\n\n\t<div class=\"wpb_text_column wpb_content_element\">\n\t\t<div class=\"wpb_wrapper\">\n\t\t\t<p><span style=\"color: #ffffff;\">We are the solution for your company.<\/span><\/p>\n\n\t\t<\/div> \n\t<\/div> <\/div><\/div><\/div><\/div><\/div><\/div><\/div><\/div><\/div><\/div><\/div>\n<\/div>","protected":false},"excerpt":{"rendered":"Servicios dise\u00f1ados para adaptarse a tu modelo de negocio. Almacenamiento Almacenamos tu stock en nuestros almacenes. Gesti\u00f3n de pedidos Accedemos a tu tienda y gestionamos todos los pedidos. Seguimiento de pedidos impresos Tenga la informaci\u00f3n en tiempo real del estado de tus pedidos. Expertos en...","protected":false},"author":1,"featured_media":0,"parent":0,"menu_order":0,"comment_status":"open","ping_status":"open","template":"full_width.php","meta":{"content-type":"","footnotes":""},"class_list":["post-14869","page","type-page","status-publish","hentry"],"yoast_head":"<!-- This site is optimized with the Yoast SEO plugin v26.9 - https:\/\/yoast.com\/product\/yoast-seo-wordpress\/ -->\n<title>Soluciones Gr\u00e1ficas y Log\u00edsticas. La soluci\u00f3n para tu empresa.<\/title>\n<meta name=\"description\" content=\"Somos el aliado que necesitas, emprende en el mundo del art\u00edculo personalizado sin grandes inversiones. Nosotros te damos todo el soporte.\" \/>\n<meta name=\"robots\" content=\"index, follow, max-snippet:-1, max-image-preview:large, max-video-preview:-1\" \/>\n<link rel=\"canonical\" href=\"https:\/\/sgl-europa.com\/en\/\" \/>\n<meta property=\"og:locale\" content=\"en_US\" \/>\n<meta property=\"og:type\" content=\"article\" \/>\n<meta property=\"og:title\" content=\"Soluciones Gr\u00e1ficas y Log\u00edsticas. La soluci\u00f3n para tu empresa.\" \/>\n<meta property=\"og:description\" content=\"Somos el aliado que necesitas, emprende en el mundo del art\u00edculo personalizado sin grandes inversiones. Nosotros te damos todo el soporte.\" \/>\n<meta property=\"og:url\" content=\"https:\/\/sgl-europa.com\/en\/\" \/>\n<meta property=\"og:site_name\" content=\"SGL - Centro de distribuci\u00f3n con servicios de impresi\u00f3n profesional.\" \/>\n<meta property=\"article:modified_time\" content=\"2024-08-28T16:32:41+00:00\" \/>\n<meta property=\"og:image\" content=\"https:\/\/sgl-europa.com\/wp-content\/uploads\/2024\/08\/AIMFAP-retina-300x98.png\" \/>\n<meta name=\"twitter:card\" content=\"summary_large_image\" \/>\n<meta name=\"twitter:label1\" content=\"Est. reading time\" \/>\n\t<meta name=\"twitter:data1\" content=\"2 minutes\" \/>\n<script type=\"application\/ld+json\" class=\"yoast-schema-graph\">{\"@context\":\"https:\/\/schema.org\",\"@graph\":[{\"@type\":\"WebPage\",\"@id\":\"https:\/\/sgl-europa.com\/\",\"url\":\"https:\/\/sgl-europa.com\/\",\"name\":\"Soluciones Gr\u00e1ficas y Log\u00edsticas. La soluci\u00f3n para tu empresa.\",\"isPartOf\":{\"@id\":\"https:\/\/sgl-europa.com\/#website\"},\"primaryImageOfPage\":{\"@id\":\"https:\/\/sgl-europa.com\/#primaryimage\"},\"image\":{\"@id\":\"https:\/\/sgl-europa.com\/#primaryimage\"},\"thumbnailUrl\":\"https:\/\/sgl-europa.com\/wp-content\/uploads\/2024\/08\/AIMFAP-retina-300x98.png\",\"datePublished\":\"2014-05-20T07:51:11+00:00\",\"dateModified\":\"2024-08-28T16:32:41+00:00\",\"description\":\"Somos el aliado que necesitas, emprende en el mundo del art\u00edculo personalizado sin grandes inversiones. Nosotros te damos todo el soporte.\",\"breadcrumb\":{\"@id\":\"https:\/\/sgl-europa.com\/#breadcrumb\"},\"inLanguage\":\"en-US\",\"potentialAction\":[{\"@type\":\"ReadAction\",\"target\":[\"https:\/\/sgl-europa.com\/\"]}]},{\"@type\":\"ImageObject\",\"inLanguage\":\"en-US\",\"@id\":\"https:\/\/sgl-europa.com\/#primaryimage\",\"url\":\"https:\/\/sgl-europa.com\/wp-content\/uploads\/2024\/08\/AIMFAP-retina-300x98.png\",\"contentUrl\":\"https:\/\/sgl-europa.com\/wp-content\/uploads\/2024\/08\/AIMFAP-retina-300x98.png\"},{\"@type\":\"BreadcrumbList\",\"@id\":\"https:\/\/sgl-europa.com\/#breadcrumb\",\"itemListElement\":[{\"@type\":\"ListItem\",\"position\":1,\"name\":\"Portada\",\"item\":\"https:\/\/sgl-europa.com\/\"},{\"@type\":\"ListItem\",\"position\":2,\"name\":\"Home\"}]},{\"@type\":\"WebSite\",\"@id\":\"https:\/\/sgl-europa.com\/#website\",\"url\":\"https:\/\/sgl-europa.com\/\",\"name\":\"SGL - Centro de distribuci\u00f3n con servicios de impresi\u00f3n profesional.\",\"description\":\"SGL - Centro de distribuci\u00f3n con servicios de impresi\u00f3n profesional.\",\"publisher\":{\"@id\":\"https:\/\/sgl-europa.com\/#organization\"},\"potentialAction\":[{\"@type\":\"SearchAction\",\"target\":{\"@type\":\"EntryPoint\",\"urlTemplate\":\"https:\/\/sgl-europa.com\/?s={search_term_string}\"},\"query-input\":{\"@type\":\"PropertyValueSpecification\",\"valueRequired\":true,\"valueName\":\"search_term_string\"}}],\"inLanguage\":\"en-US\"},{\"@type\":\"Organization\",\"@id\":\"https:\/\/sgl-europa.com\/#organization\",\"name\":\"Soluciones gr\u00e1ficas y logisticas, S.L.\",\"url\":\"https:\/\/sgl-europa.com\/\",\"logo\":{\"@type\":\"ImageObject\",\"inLanguage\":\"en-US\",\"@id\":\"https:\/\/sgl-europa.com\/#\/schema\/logo\/image\/\",\"url\":\"https:\/\/sgl-europa.com\/wp-content\/uploads\/2024\/03\/Logotipo-SGL.png\",\"contentUrl\":\"https:\/\/sgl-europa.com\/wp-content\/uploads\/2024\/03\/Logotipo-SGL.png\",\"width\":595,\"height\":403,\"caption\":\"Soluciones gr\u00e1ficas y logisticas, S.L.\"},\"image\":{\"@id\":\"https:\/\/sgl-europa.com\/#\/schema\/logo\/image\/\"}}]}<\/script>\n<!-- \/ Yoast SEO plugin. -->","yoast_head_json":{"title":"Soluciones Gr\u00e1ficas y Log\u00edsticas. La soluci\u00f3n para tu empresa.","description":"Somos el aliado que necesitas, emprende en el mundo del art\u00edculo personalizado sin grandes inversiones. Nosotros te damos todo el soporte.","robots":{"index":"index","follow":"follow","max-snippet":"max-snippet:-1","max-image-preview":"max-image-preview:large","max-video-preview":"max-video-preview:-1"},"canonical":"https:\/\/sgl-europa.com\/en\/","og_locale":"en_US","og_type":"article","og_title":"Soluciones Gr\u00e1ficas y Log\u00edsticas. La soluci\u00f3n para tu empresa.","og_description":"Somos el aliado que necesitas, emprende en el mundo del art\u00edculo personalizado sin grandes inversiones. Nosotros te damos todo el soporte.","og_url":"https:\/\/sgl-europa.com\/en\/","og_site_name":"SGL - Centro de distribuci\u00f3n con servicios de impresi\u00f3n profesional.","article_modified_time":"2024-08-28T16:32:41+00:00","og_image":[{"url":"https:\/\/sgl-europa.com\/wp-content\/uploads\/2024\/08\/AIMFAP-retina-300x98.png","type":"","width":"","height":""}],"twitter_card":"summary_large_image","twitter_misc":{"Est. reading time":"2 minutes"},"schema":{"@context":"https:\/\/schema.org","@graph":[{"@type":"WebPage","@id":"https:\/\/sgl-europa.com\/","url":"https:\/\/sgl-europa.com\/","name":"Soluciones Gr\u00e1ficas y Log\u00edsticas. La soluci\u00f3n para tu empresa.","isPartOf":{"@id":"https:\/\/sgl-europa.com\/#website"},"primaryImageOfPage":{"@id":"https:\/\/sgl-europa.com\/#primaryimage"},"image":{"@id":"https:\/\/sgl-europa.com\/#primaryimage"},"thumbnailUrl":"https:\/\/sgl-europa.com\/wp-content\/uploads\/2024\/08\/AIMFAP-retina-300x98.png","datePublished":"2014-05-20T07:51:11+00:00","dateModified":"2024-08-28T16:32:41+00:00","description":"Somos el aliado que necesitas, emprende en el mundo del art\u00edculo personalizado sin grandes inversiones. Nosotros te damos todo el soporte.","breadcrumb":{"@id":"https:\/\/sgl-europa.com\/#breadcrumb"},"inLanguage":"en-US","potentialAction":[{"@type":"ReadAction","target":["https:\/\/sgl-europa.com\/"]}]},{"@type":"ImageObject","inLanguage":"en-US","@id":"https:\/\/sgl-europa.com\/#primaryimage","url":"https:\/\/sgl-europa.com\/wp-content\/uploads\/2024\/08\/AIMFAP-retina-300x98.png","contentUrl":"https:\/\/sgl-europa.com\/wp-content\/uploads\/2024\/08\/AIMFAP-retina-300x98.png"},{"@type":"BreadcrumbList","@id":"https:\/\/sgl-europa.com\/#breadcrumb","itemListElement":[{"@type":"ListItem","position":1,"name":"Portada","item":"https:\/\/sgl-europa.com\/"},{"@type":"ListItem","position":2,"name":"Home"}]},{"@type":"WebSite","@id":"https:\/\/sgl-europa.com\/#website","url":"https:\/\/sgl-europa.com\/","name":"SGL - Centro de distribuci\u00f3n con servicios de impresi\u00f3n profesional.","description":"SGL - Centro de distribuci\u00f3n con servicios de impresi\u00f3n profesional.","publisher":{"@id":"https:\/\/sgl-europa.com\/#organization"},"potentialAction":[{"@type":"SearchAction","target":{"@type":"EntryPoint","urlTemplate":"https:\/\/sgl-europa.com\/?s={search_term_string}"},"query-input":{"@type":"PropertyValueSpecification","valueRequired":true,"valueName":"search_term_string"}}],"inLanguage":"en-US"},{"@type":"Organization","@id":"https:\/\/sgl-europa.com\/#organization","name":"Soluciones gr\u00e1ficas y logisticas, S.L.","url":"https:\/\/sgl-europa.com\/","logo":{"@type":"ImageObject","inLanguage":"en-US","@id":"https:\/\/sgl-europa.com\/#\/schema\/logo\/image\/","url":"https:\/\/sgl-europa.com\/wp-content\/uploads\/2024\/03\/Logotipo-SGL.png","contentUrl":"https:\/\/sgl-europa.com\/wp-content\/uploads\/2024\/03\/Logotipo-SGL.png","width":595,"height":403,"caption":"Soluciones gr\u00e1ficas y logisticas, S.L."},"image":{"@id":"https:\/\/sgl-europa.com\/#\/schema\/logo\/image\/"}}]}},"_links":{"self":[{"href":"https:\/\/sgl-europa.com\/en\/wp-json\/wp\/v2\/pages\/14869","targetHints":{"allow":["GET"]}}],"collection":[{"href":"https:\/\/sgl-europa.com\/en\/wp-json\/wp\/v2\/pages"}],"about":[{"href":"https:\/\/sgl-europa.com\/en\/wp-json\/wp\/v2\/types\/page"}],"author":[{"embeddable":true,"href":"https:\/\/sgl-europa.com\/en\/wp-json\/wp\/v2\/users\/1"}],"replies":[{"embeddable":true,"href":"https:\/\/sgl-europa.com\/en\/wp-json\/wp\/v2\/comments?post=14869"}],"version-history":[{"count":25,"href":"https:\/\/sgl-europa.com\/en\/wp-json\/wp\/v2\/pages\/14869\/revisions"}],"predecessor-version":[{"id":15627,"href":"https:\/\/sgl-europa.com\/en\/wp-json\/wp\/v2\/pages\/14869\/revisions\/15627"}],"wp:attachment":[{"href":"https:\/\/sgl-europa.com\/en\/wp-json\/wp\/v2\/media?parent=14869"}],"curies":[{"name":"wp","href":"https:\/\/api.w.org\/{rel}","templated":true}]}}